{"id":2347,"date":"2021-06-01T11:50:23","date_gmt":"2021-06-01T15:50:23","guid":{"rendered":"https:\/\/handsandthecity.cl\/ha\/?post_type=product&#038;p=2347"},"modified":"2023-07-29T14:37:50","modified_gmt":"2023-07-29T18:37:50","slug":"redken-%c2%b7-frizz-dismiss-shampoo","status":"publish","type":"product","link":"https:\/\/handsandthecity.cl\/ha\/producto\/redken-%c2%b7-frizz-dismiss-shampoo\/","title":{"rendered":"Redken \u00b7 frizz dismiss Shampoo"},"content":{"rendered":"","protected":false},"excerpt":{"rendered":"<p>Shamp\u00fa antiencrespamiento y protector contra la humedad para todo tipo de cabello. Protege de la humedad y controla el encrespamiento para un cabello m\u00e1s manejable. Frizz Dismiss aporta el exclusivo Factor de Protecci\u00f3n del Frizz (FPF): 4 niveles de control del encrespamiento y de protecci\u00f3n de la humedad para todos los tipos de cabello (fino a grueso). Podr\u00edas conseguir una reducci\u00f3n de hasta el 82% del encrespamiento utilizando el tratamiento completo (champ\u00fa, acondicionador y FPF).<\/p>\n","protected":false},"featured_media":2757,"comment_status":"open","ping_status":"closed","template":"","meta":{"_et_pb_use_builder":"","_et_pb_old_content":"","_et_gb_content_width":""},"product_brand":[],"product_cat":[50],"product_tag":[],"class_list":{"0":"post-2347","1":"product","2":"type-product","3":"status-publish","4":"has-post-thumbnail","6":"product_cat-redken","8":"first","9":"instock","10":"shipping-taxable","11":"purchasable","12":"product-type-simple"},"_links":{"self":[{"href":"https:\/\/handsandthecity.cl\/ha\/wp-json\/wp\/v2\/product\/2347","targetHints":{"allow":["GET"]}}],"collection":[{"href":"https:\/\/handsandthecity.cl\/ha\/wp-json\/wp\/v2\/product"}],"about":[{"href":"https:\/\/handsandthecity.cl\/ha\/wp-json\/wp\/v2\/types\/product"}],"replies":[{"embeddable":true,"href":"https:\/\/handsandthecity.cl\/ha\/wp-json\/wp\/v2\/comments?post=2347"}],"wp:featuredmedia":[{"embeddable":true,"href":"https:\/\/handsandthecity.cl\/ha\/wp-json\/wp\/v2\/media\/2757"}],"wp:attachment":[{"href":"https:\/\/handsandthecity.cl\/ha\/wp-json\/wp\/v2\/media?parent=2347"}],"wp:term":[{"taxonomy":"product_brand","embeddable":true,"href":"https:\/\/handsandthecity.cl\/ha\/wp-json\/wp\/v2\/product_brand?post=2347"},{"taxonomy":"product_cat","embeddable":true,"href":"https:\/\/handsandthecity.cl\/ha\/wp-json\/wp\/v2\/product_cat?post=2347"},{"taxonomy":"product_tag","embeddable":true,"href":"https:\/\/handsandthecity.cl\/ha\/wp-json\/wp\/v2\/product_tag?post=2347"}],"curies":[{"name":"wp","href":"https:\/\/api.w.org\/{rel}","templated":true}]}}