{"id":2359,"date":"2021-06-01T14:47:11","date_gmt":"2021-06-01T18:47:11","guid":{"rendered":"https:\/\/handsandthecity.cl\/ha\/?post_type=product&#038;p=2359"},"modified":"2023-04-05T15:25:38","modified_gmt":"2023-04-05T19:25:38","slug":"redken-5-t-h-a-v-e-n-u-e-n-y-c-%c2%b7-color-extend-blondage-shampoo","status":"publish","type":"product","link":"https:\/\/handsandthecity.cl\/ha\/producto\/redken-5-t-h-a-v-e-n-u-e-n-y-c-%c2%b7-color-extend-blondage-shampoo\/","title":{"rendered":"REDKEN 5 T H A V E N U E N Y C \u00b7 Color extend blondage Shampoo"},"content":{"rendered":"","protected":false},"excerpt":{"rendered":"<p>Para mantener el rubio perfecto es importante utilizar un champ\u00fa con pigmento violeta como el de la gama Color Extend Blondage de Redken, que neutraliza reflejos amarillos que pueden aparecer con el paso del tiempo. Adem\u00e1s, este champ\u00fa devuelve el brillo y la fuerza al cabello ayudando a sellar la cut\u00edcula tras el proceso de decoloraci\u00f3n. La Redken Artist, Adina Doss, considera muy necesario utilizar un champ\u00fa con pigmento violeta porque \u201cayuda a mantener el rubio perfecto entre cada servicio de coloraci\u00f3nEs importante puntualizar que los champ\u00fas con pigmento violeta deben utilizarse una o dos veces por semana, en funci\u00f3n de la capacidad de neutralizaci\u00f3n que necesite cada cabello, por ello, hay que combinarlo con otro shampoo de uso habitual.<\/p>\n","protected":false},"featured_media":2360,"comment_status":"open","ping_status":"closed","template":"","meta":{"_et_pb_use_builder":"","_et_pb_old_content":"","_et_gb_content_width":""},"product_brand":[],"product_cat":[50],"product_tag":[],"class_list":{"0":"post-2359","1":"product","2":"type-product","3":"status-publish","4":"has-post-thumbnail","6":"product_cat-redken","8":"first","9":"instock","10":"shipping-taxable","11":"purchasable","12":"product-type-simple"},"_links":{"self":[{"href":"https:\/\/handsandthecity.cl\/ha\/wp-json\/wp\/v2\/product\/2359","targetHints":{"allow":["GET"]}}],"collection":[{"href":"https:\/\/handsandthecity.cl\/ha\/wp-json\/wp\/v2\/product"}],"about":[{"href":"https:\/\/handsandthecity.cl\/ha\/wp-json\/wp\/v2\/types\/product"}],"replies":[{"embeddable":true,"href":"https:\/\/handsandthecity.cl\/ha\/wp-json\/wp\/v2\/comments?post=2359"}],"wp:featuredmedia":[{"embeddable":true,"href":"https:\/\/handsandthecity.cl\/ha\/wp-json\/wp\/v2\/media\/2360"}],"wp:attachment":[{"href":"https:\/\/handsandthecity.cl\/ha\/wp-json\/wp\/v2\/media?parent=2359"}],"wp:term":[{"taxonomy":"product_brand","embeddable":true,"href":"https:\/\/handsandthecity.cl\/ha\/wp-json\/wp\/v2\/product_brand?post=2359"},{"taxonomy":"product_cat","embeddable":true,"href":"https:\/\/handsandthecity.cl\/ha\/wp-json\/wp\/v2\/product_cat?post=2359"},{"taxonomy":"product_tag","embeddable":true,"href":"https:\/\/handsandthecity.cl\/ha\/wp-json\/wp\/v2\/product_tag?post=2359"}],"curies":[{"name":"wp","href":"https:\/\/api.w.org\/{rel}","templated":true}]}}