{"id":2363,"date":"2021-06-01T14:58:22","date_gmt":"2021-06-01T18:58:22","guid":{"rendered":"https:\/\/handsandthecity.cl\/ha\/?post_type=product&#038;p=2363"},"modified":"2023-05-11T17:07:31","modified_gmt":"2023-05-11T21:07:31","slug":"redken-%c2%b7-aceite-oil-for-all","status":"publish","type":"product","link":"https:\/\/handsandthecity.cl\/ha\/producto\/redken-%c2%b7-aceite-oil-for-all\/","title":{"rendered":"Redken \u00b7 Aceite oil for all"},"content":{"rendered":"","protected":false},"excerpt":{"rendered":"<p>Descubre el aceite ideal para darle ultra brillo a tu cabello con Oil for All! Aceite Oil for All 100 ml: Aceite invisible multi-beneficios para todo tipo de cabellos que provee suavidad, brillo y alisado instant\u00e1neo. Su f\u00f3rmula en base a una mezcla de siliconas permite obtener un control del frizz ultraligero, reduce el tiempo de secado y proporciona un estilo r\u00e1pido y sin esfuerzos. Modo de uso: Aplicar una peque\u00f1a cantidad de Oil for All en las manos y distribuir en el cabello h\u00famedo o seco desde los medios hasta las puntas. Luego, utilizar el secado o peinar el cabello como se desee.<\/p>\n","protected":false},"featured_media":2364,"comment_status":"open","ping_status":"closed","template":"","meta":{"_et_pb_use_builder":"","_et_pb_old_content":"","_et_gb_content_width":""},"product_brand":[],"product_cat":[50],"product_tag":[],"class_list":{"0":"post-2363","1":"product","2":"type-product","3":"status-publish","4":"has-post-thumbnail","6":"product_cat-redken","8":"first","9":"outofstock","10":"shipping-taxable","11":"purchasable","12":"product-type-simple"},"_links":{"self":[{"href":"https:\/\/handsandthecity.cl\/ha\/wp-json\/wp\/v2\/product\/2363","targetHints":{"allow":["GET"]}}],"collection":[{"href":"https:\/\/handsandthecity.cl\/ha\/wp-json\/wp\/v2\/product"}],"about":[{"href":"https:\/\/handsandthecity.cl\/ha\/wp-json\/wp\/v2\/types\/product"}],"replies":[{"embeddable":true,"href":"https:\/\/handsandthecity.cl\/ha\/wp-json\/wp\/v2\/comments?post=2363"}],"wp:featuredmedia":[{"embeddable":true,"href":"https:\/\/handsandthecity.cl\/ha\/wp-json\/wp\/v2\/media\/2364"}],"wp:attachment":[{"href":"https:\/\/handsandthecity.cl\/ha\/wp-json\/wp\/v2\/media?parent=2363"}],"wp:term":[{"taxonomy":"product_brand","embeddable":true,"href":"https:\/\/handsandthecity.cl\/ha\/wp-json\/wp\/v2\/product_brand?post=2363"},{"taxonomy":"product_cat","embeddable":true,"href":"https:\/\/handsandthecity.cl\/ha\/wp-json\/wp\/v2\/product_cat?post=2363"},{"taxonomy":"product_tag","embeddable":true,"href":"https:\/\/handsandthecity.cl\/ha\/wp-json\/wp\/v2\/product_tag?post=2363"}],"curies":[{"name":"wp","href":"https:\/\/api.w.org\/{rel}","templated":true}]}}