{"id":2370,"date":"2021-06-01T15:12:22","date_gmt":"2021-06-01T19:12:22","guid":{"rendered":"https:\/\/handsandthecity.cl\/ha\/?post_type=product&#038;p=2370"},"modified":"2023-07-26T18:50:28","modified_gmt":"2023-07-26T22:50:28","slug":"redken-shampoo-extreme-lenght","status":"publish","type":"product","link":"https:\/\/handsandthecity.cl\/ha\/producto\/redken-shampoo-extreme-lenght\/","title":{"rendered":"Redken shampoo Extreme lenght"},"content":{"rendered":"","protected":false},"excerpt":{"rendered":"<p>Shampoo con Biotina y Aceite de Castor 300 ML: Shampoo para cabellos fr\u00e1giles, da\u00f1ados y propensos al quiebre que ayuda a alcanzar la m\u00e1xima longitud del cabello; act\u00faa incluso en cabellos con color o decolorados. BENEFICIOS # Promueve un cabello saludable de ra\u00edces a puntas # Fortifica y repara el cabello # Sella las puntas abiertas # Hasta 15 cm. de crecimiento en un a\u00f1o<\/p>\n","protected":false},"featured_media":2375,"comment_status":"open","ping_status":"closed","template":"","meta":{"_et_pb_use_builder":"","_et_pb_old_content":"","_et_gb_content_width":""},"product_brand":[],"product_cat":[50],"product_tag":[],"class_list":{"0":"post-2370","1":"product","2":"type-product","3":"status-publish","4":"has-post-thumbnail","6":"product_cat-redken","8":"first","9":"instock","10":"shipping-taxable","11":"purchasable","12":"product-type-simple"},"_links":{"self":[{"href":"https:\/\/handsandthecity.cl\/ha\/wp-json\/wp\/v2\/product\/2370","targetHints":{"allow":["GET"]}}],"collection":[{"href":"https:\/\/handsandthecity.cl\/ha\/wp-json\/wp\/v2\/product"}],"about":[{"href":"https:\/\/handsandthecity.cl\/ha\/wp-json\/wp\/v2\/types\/product"}],"replies":[{"embeddable":true,"href":"https:\/\/handsandthecity.cl\/ha\/wp-json\/wp\/v2\/comments?post=2370"}],"wp:featuredmedia":[{"embeddable":true,"href":"https:\/\/handsandthecity.cl\/ha\/wp-json\/wp\/v2\/media\/2375"}],"wp:attachment":[{"href":"https:\/\/handsandthecity.cl\/ha\/wp-json\/wp\/v2\/media?parent=2370"}],"wp:term":[{"taxonomy":"product_brand","embeddable":true,"href":"https:\/\/handsandthecity.cl\/ha\/wp-json\/wp\/v2\/product_brand?post=2370"},{"taxonomy":"product_cat","embeddable":true,"href":"https:\/\/handsandthecity.cl\/ha\/wp-json\/wp\/v2\/product_cat?post=2370"},{"taxonomy":"product_tag","embeddable":true,"href":"https:\/\/handsandthecity.cl\/ha\/wp-json\/wp\/v2\/product_tag?post=2370"}],"curies":[{"name":"wp","href":"https:\/\/api.w.org\/{rel}","templated":true}]}}