{"id":2377,"date":"2021-06-01T15:28:11","date_gmt":"2021-06-01T19:28:11","guid":{"rendered":"https:\/\/handsandthecity.cl\/ha\/?post_type=product&#038;p=2377"},"modified":"2023-07-26T18:53:29","modified_gmt":"2023-07-26T22:53:29","slug":"redken-%c2%b7-extreme-length-acondicionador","status":"publish","type":"product","link":"https:\/\/handsandthecity.cl\/ha\/producto\/redken-%c2%b7-extreme-length-acondicionador\/","title":{"rendered":"Redken \u00b7 Extreme length acondicionador"},"content":{"rendered":"","protected":false},"excerpt":{"rendered":"<p>ACONDICIONADOR EXTREME LENGTH 300 ML: Acondicionador para cabellos fr\u00e1giles, da\u00f1ados y propensos al quiebre que busca mayor longitud y fuerza. Su f\u00f3rmula con aceite de ricino y biotina desenreda y fortifica el cabello para promover el cabello sano y fuerte. BENEFICIOS # Promueve un cabello saludable de ra\u00edces a puntas # Fortifica y repara el cabello # Sella las puntas abiertas # Hasta 15 cm. de crecimiento en un a\u00f1o<\/p>\n","protected":false},"featured_media":2378,"comment_status":"open","ping_status":"closed","template":"","meta":{"_et_pb_use_builder":"","_et_pb_old_content":"","_et_gb_content_width":""},"product_brand":[],"product_cat":[50],"product_tag":[],"class_list":{"0":"post-2377","1":"product","2":"type-product","3":"status-publish","4":"has-post-thumbnail","6":"product_cat-redken","8":"first","9":"instock","10":"shipping-taxable","11":"purchasable","12":"product-type-simple"},"_links":{"self":[{"href":"https:\/\/handsandthecity.cl\/ha\/wp-json\/wp\/v2\/product\/2377","targetHints":{"allow":["GET"]}}],"collection":[{"href":"https:\/\/handsandthecity.cl\/ha\/wp-json\/wp\/v2\/product"}],"about":[{"href":"https:\/\/handsandthecity.cl\/ha\/wp-json\/wp\/v2\/types\/product"}],"replies":[{"embeddable":true,"href":"https:\/\/handsandthecity.cl\/ha\/wp-json\/wp\/v2\/comments?post=2377"}],"wp:featuredmedia":[{"embeddable":true,"href":"https:\/\/handsandthecity.cl\/ha\/wp-json\/wp\/v2\/media\/2378"}],"wp:attachment":[{"href":"https:\/\/handsandthecity.cl\/ha\/wp-json\/wp\/v2\/media?parent=2377"}],"wp:term":[{"taxonomy":"product_brand","embeddable":true,"href":"https:\/\/handsandthecity.cl\/ha\/wp-json\/wp\/v2\/product_brand?post=2377"},{"taxonomy":"product_cat","embeddable":true,"href":"https:\/\/handsandthecity.cl\/ha\/wp-json\/wp\/v2\/product_cat?post=2377"},{"taxonomy":"product_tag","embeddable":true,"href":"https:\/\/handsandthecity.cl\/ha\/wp-json\/wp\/v2\/product_tag?post=2377"}],"curies":[{"name":"wp","href":"https:\/\/api.w.org\/{rel}","templated":true}]}}