{"id":2387,"date":"2021-06-03T11:55:43","date_gmt":"2021-06-03T15:55:43","guid":{"rendered":"https:\/\/handsandthecity.cl\/ha\/?post_type=product&#038;p=2387"},"modified":"2023-07-29T14:39:00","modified_gmt":"2023-07-29T18:39:00","slug":"mascarilla-para-labios-de-hydrogel-22pcs","status":"publish","type":"product","link":"https:\/\/handsandthecity.cl\/ha\/producto\/mascarilla-para-labios-de-hydrogel-22pcs\/","title":{"rendered":"Mascarilla para labios de hydrogel 22pcs"},"content":{"rendered":"","protected":false},"excerpt":{"rendered":"<p>LABIOS HERMOSOS Y MAS BRILLANTES CON ESTA MASCARA QUE TIENE NUTRIENTES Y SUAVIZANTES CON UNA VARIEDAD DE EXTRACTOS DE PLANTAS Y PETALOS COMO FLOR DE CEREZO Modo de uso: Ajustar la m\u00e1scara sobre los labios y dejar que sus ingredientes act\u00faen durante unos 10-15 minutos. Despu\u00e9s solo hay que retirar la mascarilla y dar ligeros toques en los labios y su contorno para que la piel absorba el exceso de producto.<\/p>\n","protected":false},"featured_media":2388,"comment_status":"open","ping_status":"closed","template":"","meta":{"_et_pb_use_builder":"","_et_pb_old_content":"","_et_gb_content_width":""},"product_brand":[],"product_cat":[46],"product_tag":[],"class_list":{"0":"post-2387","1":"product","2":"type-product","3":"status-publish","4":"has-post-thumbnail","6":"product_cat-maquillaje","8":"first","9":"outofstock","10":"shipping-taxable","11":"purchasable","12":"product-type-simple"},"_links":{"self":[{"href":"https:\/\/handsandthecity.cl\/ha\/wp-json\/wp\/v2\/product\/2387","targetHints":{"allow":["GET"]}}],"collection":[{"href":"https:\/\/handsandthecity.cl\/ha\/wp-json\/wp\/v2\/product"}],"about":[{"href":"https:\/\/handsandthecity.cl\/ha\/wp-json\/wp\/v2\/types\/product"}],"replies":[{"embeddable":true,"href":"https:\/\/handsandthecity.cl\/ha\/wp-json\/wp\/v2\/comments?post=2387"}],"wp:featuredmedia":[{"embeddable":true,"href":"https:\/\/handsandthecity.cl\/ha\/wp-json\/wp\/v2\/media\/2388"}],"wp:attachment":[{"href":"https:\/\/handsandthecity.cl\/ha\/wp-json\/wp\/v2\/media?parent=2387"}],"wp:term":[{"taxonomy":"product_brand","embeddable":true,"href":"https:\/\/handsandthecity.cl\/ha\/wp-json\/wp\/v2\/product_brand?post=2387"},{"taxonomy":"product_cat","embeddable":true,"href":"https:\/\/handsandthecity.cl\/ha\/wp-json\/wp\/v2\/product_cat?post=2387"},{"taxonomy":"product_tag","embeddable":true,"href":"https:\/\/handsandthecity.cl\/ha\/wp-json\/wp\/v2\/product_tag?post=2387"}],"curies":[{"name":"wp","href":"https:\/\/api.w.org\/{rel}","templated":true}]}}