{"id":2399,"date":"2021-06-03T18:39:02","date_gmt":"2021-06-03T22:39:02","guid":{"rendered":"https:\/\/handsandthecity.cl\/ha\/?post_type=product&#038;p=2399"},"modified":"2021-06-03T18:39:02","modified_gmt":"2021-06-03T22:39:02","slug":"rodillo-facial-de-jade","status":"publish","type":"product","link":"https:\/\/handsandthecity.cl\/ha\/producto\/rodillo-facial-de-jade\/","title":{"rendered":"Rodillo facial de jade"},"content":{"rendered":"<p>El Rodillo de Jade es un masajeador facial cuyo material es la piedra de Jade. Estos rodillos\u00a0<b>son usados desde hace muchos a\u00f1os en las rutinas de belleza Coreana<\/b>\u00a0. El rodillo de Jade sirve para dar un ligero masaje sobre el rostro realizando movimientos ascendentes y de adentro hacia afuera en las diferentes \u00e1reas del rostro.<\/p>\n<div class=\"elementor-element elementor-element-082021b elementor-widget elementor-widget-heading\" data-id=\"082021b\" data-element_type=\"widget\" data-widget_type=\"heading.default\">\n<div class=\"elementor-widget-container\">\n<h4 class=\"elementor-heading-title elementor-size-default\"><span id=\"Rodillo_de_Jade_Propiedades_y_Beneficios\">Rodillo de Jade Propiedades y Beneficios:<\/span><\/h4>\n<\/div>\n<\/div>\n<div class=\"elementor-element elementor-element-d84c72a elementor-widget elementor-widget-text-editor\" data-id=\"d84c72a\" data-element_type=\"widget\" data-widget_type=\"text-editor.default\">\n<div class=\"elementor-widget-container\">\n<div class=\"elementor-text-editor elementor-clearfix\">\n<p>Los expertos explican que el rodillo de Jade\u00a0<b>sirve como una sesi\u00f3n de gimnasio para nuestro rostro<\/b>.\u00a0As\u00ed que si sumas las propiedades del Jade y la acci\u00f3n de masaje profundo, puedes transformar tu piel y contorno facial.<\/p>\n<p>Nuestros m\u00fasculos faciales almacenan mucha tensi\u00f3n a causa del estr\u00e9s y la gesticulaci\u00f3n diaria y esta puede causar arrugas y l\u00edneas de expresi\u00f3n, especialmente alrededor del \u00e1rea de la frente y contorno de ojos.\u00a0<b>El rodillo de Jade sirve principalmente para liberar la tensi\u00f3n<\/b>\u00a0en estos puntos del rostro usando una leve presi\u00f3n y movimientos suaves que promuevan la circulaci\u00f3n, reafirmen la piel y a la vez relajen los m\u00fasculos de la cara.<\/p>\n<\/div>\n<\/div>\n<\/div>\n","protected":false},"excerpt":{"rendered":"<section class=\"elementor-section elementor-top-section elementor-element elementor-element-652f08f elementor-section-boxed elementor-section-height-default elementor-section-height-default\" data-id=\"652f08f\" data-element_type=\"section\">\n<div class=\"elementor-container elementor-column-gap-default\">\n<div class=\"elementor-row\">\n<div class=\"elementor-column elementor-col-100 elementor-top-column elementor-element elementor-element-b35e5ab\" data-id=\"b35e5ab\" data-element_type=\"column\">\n<div class=\"elementor-column-wrap elementor-element-populated\">\n<div class=\"elementor-widget-wrap\">\n<div class=\"elementor-element elementor-element-2ffca4b elementor-widget elementor-widget-heading\" data-id=\"2ffca4b\" data-element_type=\"widget\" data-widget_type=\"heading.default\">\n<div class=\"elementor-widget-container\">\n<h4 class=\"elementor-heading-title elementor-size-default\"><span id=\"Piedra_Jade_Propiedades\">Piedra Jade Propiedades<\/span><\/h4>\n<\/div>\n<\/div>\n<div class=\"elementor-element elementor-element-69e4fa4 elementor-icon-list--layout-traditional elementor-list-item-link-full_width elementor-widget elementor-widget-icon-list\" data-id=\"69e4fa4\" data-element_type=\"widget\" data-widget_type=\"icon-list.default\">\n<div class=\"elementor-widget-container\">\n<ul class=\"elementor-icon-list-items\">\n<li class=\"elementor-icon-list-item\"><i class=\"fas fa-feather-alt\" aria-hidden=\"true\"><\/i><span class=\"elementor-icon-list-text\">Libera los pensamientos negativos y la irritabilidad.<\/span><\/li>\n<li class=\"elementor-icon-list-item\"><i class=\"fas fa-feather-alt\" aria-hidden=\"true\"><\/i><span class=\"elementor-icon-list-text\">Equilibrar energ\u00edas.<\/span><\/li>\n<li class=\"elementor-icon-list-item\"><i class=\"fas fa-feather-alt\" aria-hidden=\"true\"><\/i><span class=\"elementor-icon-list-text\">Estabilizar las emociones.<\/span><\/li>\n<li class=\"elementor-icon-list-item\"><i class=\"fas fa-feather-alt\" aria-hidden=\"true\"><\/i><span class=\"elementor-icon-list-text\">Favoreciendo un estado de calma y de paz mental.<\/span><\/li>\n<li class=\"elementor-icon-list-item\"><i class=\"fas fa-feather-alt\" aria-hidden=\"true\"><\/i><span class=\"elementor-icon-list-text\">Aumentar la concentraci\u00f3n y la sabidur\u00eda.<\/span><\/li>\n<\/ul>\n<\/div>\n<\/div>\n<\/div>\n<\/div>\n<\/div>\n<\/div>\n<\/div>\n<\/section>\n<section class=\"elementor-section elementor-top-section elementor-element elementor-element-afe502c elementor-section-boxed elementor-section-height-default elementor-section-height-default\" data-id=\"afe502c\" data-element_type=\"section\">\n<div class=\"elementor-container elementor-column-gap-default\">\n<div class=\"elementor-row\">\n<div class=\"elementor-column elementor-col-100 elementor-top-column elementor-element elementor-element-036f845\" data-id=\"036f845\" data-element_type=\"column\">\n<div class=\"elementor-column-wrap elementor-element-populated\">\n<div class=\"elementor-widget-wrap\">\n<div class=\"elementor-element elementor-element-c4fb8ed elementor-widget elementor-widget-spacer\" data-id=\"c4fb8ed\" data-element_type=\"widget\" data-widget_type=\"spacer.default\">\n<div class=\"elementor-widget-container\">\n<div class=\"elementor-spacer\">\n<div class=\"elementor-spacer-inner\"><\/div>\n<\/div>\n<\/div>\n<\/div>\n<div class=\"elementor-element elementor-element-36437fe elementor-widget elementor-widget-heading\" data-id=\"36437fe\" data-element_type=\"widget\" data-widget_type=\"heading.default\">\n<div class=\"elementor-widget-container\">\n<h4 class=\"elementor-heading-title elementor-size-default\"><span id=\"Beneficios_del_Masaje_Facial_con_Rodillo_Jade\">Beneficios del Masaje Facial con Rodillo Jade<\/span><\/h4>\n<\/div>\n<\/div>\n<div class=\"elementor-element elementor-element-211d37a elementor-icon-list--layout-traditional elementor-list-item-link-full_width elementor-widget elementor-widget-icon-list\" data-id=\"211d37a\" data-element_type=\"widget\" data-widget_type=\"icon-list.default\">\n<div class=\"elementor-widget-container\">\n<ul class=\"elementor-icon-list-items\">\n<li class=\"elementor-icon-list-item\"><i class=\"fas fa-check\" aria-hidden=\"true\"><\/i><span class=\"elementor-icon-list-text\">Ayuda a reducir la hinchaz\u00f3n e inflamaci\u00f3n de la piel.<\/span><\/li>\n<li class=\"elementor-icon-list-item\"><i class=\"fas fa-check\" aria-hidden=\"true\"><\/i><span class=\"elementor-icon-list-text\">Mejorar la circulaci\u00f3n sangu\u00ednea.<\/span><\/li>\n<li class=\"elementor-icon-list-item\"><i class=\"fas fa-check\" aria-hidden=\"true\"><\/i><span class=\"elementor-icon-list-text\">Favorece la elasticidad de la piel.<\/span><\/li>\n<li class=\"elementor-icon-list-item\"><i class=\"fas fa-check\" aria-hidden=\"true\"><\/i><span class=\"elementor-icon-list-text\">Promueve el drenaje linf\u00e1tico.<\/span><\/li>\n<li class=\"elementor-icon-list-item\"><i class=\"fas fa-check\" aria-hidden=\"true\"><\/i><span class=\"elementor-icon-list-text\">Descontracturar o relajar los m\u00fasculos del rostro.<\/span><\/li>\n<li class=\"elementor-icon-list-item\"><i class=\"fas fa-check\" aria-hidden=\"true\"><\/i><span class=\"elementor-icon-list-text\">Al relajar los m\u00fasculos disminuye la apariencia de las l\u00edneas de expresi\u00f3n.<\/span><\/li>\n<li class=\"elementor-icon-list-item\"><i class=\"fas fa-check\" aria-hidden=\"true\"><\/i><span class=\"elementor-icon-list-text\">Desbloquear zonas del rostro bloqueadas por el estr\u00e9s.<\/span><\/li>\n<li class=\"elementor-icon-list-item\"><i class=\"fas fa-check\" aria-hidden=\"true\"><\/i><span class=\"elementor-icon-list-text\">Eliminar toxinas.<\/span><\/li>\n<li class=\"elementor-icon-list-item\"><i class=\"fas fa-check\" aria-hidden=\"true\"><\/i><span class=\"elementor-icon-list-text\">Dar un efecto y sensaci\u00f3n relajante.<\/span><\/li>\n<\/ul>\n<\/div>\n<\/div>\n<div class=\"elementor-element elementor-element-45a0f4a elementor-widget elementor-widget-spacer\" data-id=\"45a0f4a\" data-element_type=\"widget\" data-widget_type=\"spacer.default\">\n<div class=\"elementor-widget-container\">\n<div class=\"elementor-spacer\"><\/div>\n<\/div>\n<\/div>\n<\/div>\n<\/div>\n<\/div>\n<\/div>\n<\/div>\n<\/section>\n","protected":false},"featured_media":2400,"comment_status":"open","ping_status":"closed","template":"","meta":{"_et_pb_use_builder":"","_et_pb_old_content":"","_et_gb_content_width":""},"product_brand":[],"product_cat":[47],"product_tag":[],"class_list":{"0":"post-2399","1":"product","2":"type-product","3":"status-publish","4":"has-post-thumbnail","6":"product_cat-rostro-y-cuidados-de-la-piel","8":"first","9":"instock","10":"shipping-taxable","11":"purchasable","12":"product-type-simple"},"_links":{"self":[{"href":"https:\/\/handsandthecity.cl\/ha\/wp-json\/wp\/v2\/product\/2399","targetHints":{"allow":["GET"]}}],"collection":[{"href":"https:\/\/handsandthecity.cl\/ha\/wp-json\/wp\/v2\/product"}],"about":[{"href":"https:\/\/handsandthecity.cl\/ha\/wp-json\/wp\/v2\/types\/product"}],"replies":[{"embeddable":true,"href":"https:\/\/handsandthecity.cl\/ha\/wp-json\/wp\/v2\/comments?post=2399"}],"wp:featuredmedia":[{"embeddable":true,"href":"https:\/\/handsandthecity.cl\/ha\/wp-json\/wp\/v2\/media\/2400"}],"wp:attachment":[{"href":"https:\/\/handsandthecity.cl\/ha\/wp-json\/wp\/v2\/media?parent=2399"}],"wp:term":[{"taxonomy":"product_brand","embeddable":true,"href":"https:\/\/handsandthecity.cl\/ha\/wp-json\/wp\/v2\/product_brand?post=2399"},{"taxonomy":"product_cat","embeddable":true,"href":"https:\/\/handsandthecity.cl\/ha\/wp-json\/wp\/v2\/product_cat?post=2399"},{"taxonomy":"product_tag","embeddable":true,"href":"https:\/\/handsandthecity.cl\/ha\/wp-json\/wp\/v2\/product_tag?post=2399"}],"curies":[{"name":"wp","href":"https:\/\/api.w.org\/{rel}","templated":true}]}}