{"id":2402,"date":"2021-06-03T18:48:52","date_gmt":"2021-06-03T22:48:52","guid":{"rendered":"https:\/\/handsandthecity.cl\/ha\/?post_type=product&#038;p=2402"},"modified":"2021-06-03T18:48:52","modified_gmt":"2021-06-03T22:48:52","slug":"rodillo-masajeador-facial-y-piedra-de-jade-100-natural","status":"publish","type":"product","link":"https:\/\/handsandthecity.cl\/ha\/producto\/rodillo-masajeador-facial-y-piedra-de-jade-100-natural\/","title":{"rendered":"Rodillo masajeador facial y piedra de jade 100% natural"},"content":{"rendered":"<p>Masajeador: 14 cm de alto x 5 cm de ancho x 2 cm de largo Piedra: 8 cm de largo x 6 cm de ancho x 0,5 cm de alto Elimina tensi\u00f3n muscular Suaviza L\u00ednea finas Producto natural Hace que tu piel facial sea m\u00e1s suave y se vea m\u00e1s joven Material: xiuyan jade<\/p>\n","protected":false},"excerpt":{"rendered":"<p>El rodillo de jade es una herramienta de cuidado de la piel que enfr\u00eda, aprieta y deshincha tu cara en cuesti\u00f3n de segundos mientras masajea. Puede eliminar inmediatamente la tensi\u00f3n muscular ya que el rodillo suaviza las l\u00edneas finas y elimina las arrugas. Reduce la hinchaz\u00f3n de ojos oscuros, mejor piel y salud a trav\u00e9s de piedras de jade naturales sin productos qu\u00edmicos ni irritantes. Adem\u00e1s, promueve la circulaci\u00f3n sangu\u00ednea y mejora el drenaje linf\u00e1tico. Despu\u00e9s de usar durante un par de d\u00edas, tu cara estar\u00e1 menos hinchada, sentir\u00e1s menos tensi\u00f3n, lucir\u00e1 m\u00e1s apretada. El rodillo de jade ha sido conocido como una antigua herramienta antienvejecimiento en China que puede hacer que tu piel facial sea m\u00e1s suave y se vea m\u00e1s joven.<\/p>\n<p>https:\/\/youtu.be\/6tkMhKRNbNk<\/p>\n","protected":false},"featured_media":2403,"comment_status":"open","ping_status":"closed","template":"","meta":{"_et_pb_use_builder":"","_et_pb_old_content":"","_et_gb_content_width":""},"product_brand":[],"product_cat":[47],"product_tag":[],"class_list":{"0":"post-2402","1":"product","2":"type-product","3":"status-publish","4":"has-post-thumbnail","6":"product_cat-rostro-y-cuidados-de-la-piel","8":"first","9":"instock","10":"shipping-taxable","11":"purchasable","12":"product-type-simple"},"_links":{"self":[{"href":"https:\/\/handsandthecity.cl\/ha\/wp-json\/wp\/v2\/product\/2402","targetHints":{"allow":["GET"]}}],"collection":[{"href":"https:\/\/handsandthecity.cl\/ha\/wp-json\/wp\/v2\/product"}],"about":[{"href":"https:\/\/handsandthecity.cl\/ha\/wp-json\/wp\/v2\/types\/product"}],"replies":[{"embeddable":true,"href":"https:\/\/handsandthecity.cl\/ha\/wp-json\/wp\/v2\/comments?post=2402"}],"wp:featuredmedia":[{"embeddable":true,"href":"https:\/\/handsandthecity.cl\/ha\/wp-json\/wp\/v2\/media\/2403"}],"wp:attachment":[{"href":"https:\/\/handsandthecity.cl\/ha\/wp-json\/wp\/v2\/media?parent=2402"}],"wp:term":[{"taxonomy":"product_brand","embeddable":true,"href":"https:\/\/handsandthecity.cl\/ha\/wp-json\/wp\/v2\/product_brand?post=2402"},{"taxonomy":"product_cat","embeddable":true,"href":"https:\/\/handsandthecity.cl\/ha\/wp-json\/wp\/v2\/product_cat?post=2402"},{"taxonomy":"product_tag","embeddable":true,"href":"https:\/\/handsandthecity.cl\/ha\/wp-json\/wp\/v2\/product_tag?post=2402"}],"curies":[{"name":"wp","href":"https:\/\/api.w.org\/{rel}","templated":true}]}}