{"id":2408,"date":"2021-06-17T16:26:03","date_gmt":"2021-06-17T20:26:03","guid":{"rendered":"https:\/\/handsandthecity.cl\/ha\/?post_type=product&#038;p=2408"},"modified":"2023-07-26T11:37:29","modified_gmt":"2023-07-26T15:37:29","slug":"biokera-natura-%c2%b7-pack-shampoo-spray-volumizante-especifico-caida-incluye-estuche","status":"publish","type":"product","link":"https:\/\/handsandthecity.cl\/ha\/producto\/biokera-natura-%c2%b7-pack-shampoo-spray-volumizante-especifico-caida-incluye-estuche\/","title":{"rendered":"biokera natura \u00b7 Pack shampoo + spray volumizante especifico caida incluye estuche"},"content":{"rendered":"","protected":false},"excerpt":{"rendered":"<p>Nutrici\u00f3n y vitalidad Shampoo Espec\u00edfico Ca\u00edda es un champ\u00fa de tratamiento espec\u00edfico para ayudar a normalizar el ciclo de crecimiento y frenar la ca\u00edda del cabello. Su f\u00f3rmula con extracto de ginseng y Ginkgo Biloba, estimula la regeneraci\u00f3n de cabello y normaliza su ciclo de crecimiento. Prepara el cuero cabelludo para la acci\u00f3n del resto de producto con el Champ\u00fa Espec\u00edfico Ca\u00edda. Estimula la regeneraci\u00f3n de cabello Nutrici\u00f3n y vitalidad Tratamiento Voluminizador Ca\u00edda es una loci\u00f3n en vaporziador manual para el tratamiento espec\u00edfico de mantenimiento que ayuda a normalizar el ciclo de crecimiento del cabello. Su f\u00f3rmula contiene una combinaci\u00f3n de vitaminas, activos revitalizantes y extracto de ginseng que aumenta la vigorosidad del bulbo piloso y estimula la regenaraci\u00f3n de todo el cabello. MODO DE EMPLEO Aplica el Tratamiento Voluminizador Ca\u00edda sobre el cuero cabelludo y el cabello. Efect\u00faa un masaje de rotaci\u00f3n comenzando por la nuca hacia el frontal. No es necesario enjuagar. Procede al peinado como de costumbre<\/p>\n","protected":false},"featured_media":2409,"comment_status":"open","ping_status":"closed","template":"","meta":{"_et_pb_use_builder":"","_et_pb_old_content":"","_et_gb_content_width":""},"product_brand":[],"product_cat":[28],"product_tag":[],"class_list":{"0":"post-2408","1":"product","2":"type-product","3":"status-publish","4":"has-post-thumbnail","6":"product_cat-capilar","8":"first","9":"instock","10":"shipping-taxable","11":"purchasable","12":"product-type-simple"},"_links":{"self":[{"href":"https:\/\/handsandthecity.cl\/ha\/wp-json\/wp\/v2\/product\/2408","targetHints":{"allow":["GET"]}}],"collection":[{"href":"https:\/\/handsandthecity.cl\/ha\/wp-json\/wp\/v2\/product"}],"about":[{"href":"https:\/\/handsandthecity.cl\/ha\/wp-json\/wp\/v2\/types\/product"}],"replies":[{"embeddable":true,"href":"https:\/\/handsandthecity.cl\/ha\/wp-json\/wp\/v2\/comments?post=2408"}],"wp:featuredmedia":[{"embeddable":true,"href":"https:\/\/handsandthecity.cl\/ha\/wp-json\/wp\/v2\/media\/2409"}],"wp:attachment":[{"href":"https:\/\/handsandthecity.cl\/ha\/wp-json\/wp\/v2\/media?parent=2408"}],"wp:term":[{"taxonomy":"product_brand","embeddable":true,"href":"https:\/\/handsandthecity.cl\/ha\/wp-json\/wp\/v2\/product_brand?post=2408"},{"taxonomy":"product_cat","embeddable":true,"href":"https:\/\/handsandthecity.cl\/ha\/wp-json\/wp\/v2\/product_cat?post=2408"},{"taxonomy":"product_tag","embeddable":true,"href":"https:\/\/handsandthecity.cl\/ha\/wp-json\/wp\/v2\/product_tag?post=2408"}],"curies":[{"name":"wp","href":"https:\/\/api.w.org\/{rel}","templated":true}]}}