{"id":2414,"date":"2021-06-17T16:51:39","date_gmt":"2021-06-17T20:51:39","guid":{"rendered":"https:\/\/handsandthecity.cl\/ha\/?post_type=product&#038;p=2414"},"modified":"2023-07-26T11:36:58","modified_gmt":"2023-07-26T15:36:58","slug":"biokera-natura-%c2%b7-pack-shampoo-mascarilla-hidratante-incluye-estuche","status":"publish","type":"product","link":"https:\/\/handsandthecity.cl\/ha\/producto\/biokera-natura-%c2%b7-pack-shampoo-mascarilla-hidratante-incluye-estuche\/","title":{"rendered":"biokera natura \u00b7 Pack shampoo + mascarilla hidratante incluye estuche"},"content":{"rendered":"","protected":false},"excerpt":{"rendered":"<p>Hidrata, facilita el peinado y evita roturas de cabello. Con la l\u00ednea de hidrataci\u00f3n de Biokera a base de activos hidratantes y germen de trigo el cabello estar\u00e1 m\u00e1s nutrido, el\u00e1stico y brillante. Champu Ideado para cabellos con necesidades de hidrataci\u00f3n, que necesiten recuperar la elasticidad, manejabilidad y brillo a niveles naturales. Ingredientes destacados: Germen de trigo \u2013 Sin parabenos. Mascarilla Recupera los cabellos deshidratados y aumenta el brillo, gracias a sus hidratantes de larga duraci\u00f3n. Nutre la piel del cuero cabelludo, lo que ayuda en la prevenci\u00f3n de otras afecciones capilares. Ingredientes destacados: Germen de trigo.<\/p>\n","protected":false},"featured_media":2415,"comment_status":"open","ping_status":"closed","template":"","meta":{"_et_pb_use_builder":"","_et_pb_old_content":"","_et_gb_content_width":""},"product_brand":[],"product_cat":[28],"product_tag":[],"class_list":{"0":"post-2414","1":"product","2":"type-product","3":"status-publish","4":"has-post-thumbnail","6":"product_cat-capilar","8":"first","9":"instock","10":"shipping-taxable","11":"purchasable","12":"product-type-simple"},"_links":{"self":[{"href":"https:\/\/handsandthecity.cl\/ha\/wp-json\/wp\/v2\/product\/2414","targetHints":{"allow":["GET"]}}],"collection":[{"href":"https:\/\/handsandthecity.cl\/ha\/wp-json\/wp\/v2\/product"}],"about":[{"href":"https:\/\/handsandthecity.cl\/ha\/wp-json\/wp\/v2\/types\/product"}],"replies":[{"embeddable":true,"href":"https:\/\/handsandthecity.cl\/ha\/wp-json\/wp\/v2\/comments?post=2414"}],"wp:featuredmedia":[{"embeddable":true,"href":"https:\/\/handsandthecity.cl\/ha\/wp-json\/wp\/v2\/media\/2415"}],"wp:attachment":[{"href":"https:\/\/handsandthecity.cl\/ha\/wp-json\/wp\/v2\/media?parent=2414"}],"wp:term":[{"taxonomy":"product_brand","embeddable":true,"href":"https:\/\/handsandthecity.cl\/ha\/wp-json\/wp\/v2\/product_brand?post=2414"},{"taxonomy":"product_cat","embeddable":true,"href":"https:\/\/handsandthecity.cl\/ha\/wp-json\/wp\/v2\/product_cat?post=2414"},{"taxonomy":"product_tag","embeddable":true,"href":"https:\/\/handsandthecity.cl\/ha\/wp-json\/wp\/v2\/product_tag?post=2414"}],"curies":[{"name":"wp","href":"https:\/\/api.w.org\/{rel}","templated":true}]}}