{"id":2416,"date":"2021-06-17T16:54:21","date_gmt":"2021-06-17T20:54:21","guid":{"rendered":"https:\/\/handsandthecity.cl\/ha\/?post_type=product&#038;p=2416"},"modified":"2023-07-26T11:36:13","modified_gmt":"2023-07-26T15:36:13","slug":"biokera-natura-%c2%b7-pack-shampoo-mascarilla-grapeology-incluye-estuche","status":"publish","type":"product","link":"https:\/\/handsandthecity.cl\/ha\/producto\/biokera-natura-%c2%b7-pack-shampoo-mascarilla-grapeology-incluye-estuche\/","title":{"rendered":"biokera natura \u00b7 Pack shampoo + mascarilla grapeology incluye estuche"},"content":{"rendered":"","protected":false},"excerpt":{"rendered":"<p>Dise\u00f1ada como tratamiento de depuraci\u00f3n y reparaci\u00f3n de la fibra capilar da\u00f1ada por las agresiones del d\u00eda a d\u00eda, como pueden ser la contaminaci\u00f3n ambiental o el sol. Con el plan d\u00e9tox Grapeology eliminar\u00e1s las toxinas y aportar\u00e1s nutrici\u00f3n, hidrataci\u00f3n y reparaci\u00f3n al cabello, a la vez que previenes su envejecimiento. Formulada con Aceite natural de semilla de la Uva, que aporta \u00e1cido linoleico, prote\u00ednas y amino\u00e1cidos esenciales, dando fuerza y elasticidad al cabello. Mascarilla Acondiciona el cabello en profundidad, a la vez que aporta brillo y sedosidad. Nutre en profundidad el cuero cabelludo. Su f\u00f3rmula concentrada hace que sea un producto de gran rentabilidad. Ingredientes destacados: Aceite natural de semilla de la uva espa\u00f1ola y Arginina \u2013 Sin parabenos.<\/p>\n","protected":false},"featured_media":2417,"comment_status":"open","ping_status":"closed","template":"","meta":{"_et_pb_use_builder":"","_et_pb_old_content":"","_et_gb_content_width":""},"product_brand":[],"product_cat":[28],"product_tag":[],"class_list":{"0":"post-2416","1":"product","2":"type-product","3":"status-publish","4":"has-post-thumbnail","6":"product_cat-capilar","8":"first","9":"instock","10":"shipping-taxable","11":"purchasable","12":"product-type-simple"},"_links":{"self":[{"href":"https:\/\/handsandthecity.cl\/ha\/wp-json\/wp\/v2\/product\/2416","targetHints":{"allow":["GET"]}}],"collection":[{"href":"https:\/\/handsandthecity.cl\/ha\/wp-json\/wp\/v2\/product"}],"about":[{"href":"https:\/\/handsandthecity.cl\/ha\/wp-json\/wp\/v2\/types\/product"}],"replies":[{"embeddable":true,"href":"https:\/\/handsandthecity.cl\/ha\/wp-json\/wp\/v2\/comments?post=2416"}],"wp:featuredmedia":[{"embeddable":true,"href":"https:\/\/handsandthecity.cl\/ha\/wp-json\/wp\/v2\/media\/2417"}],"wp:attachment":[{"href":"https:\/\/handsandthecity.cl\/ha\/wp-json\/wp\/v2\/media?parent=2416"}],"wp:term":[{"taxonomy":"product_brand","embeddable":true,"href":"https:\/\/handsandthecity.cl\/ha\/wp-json\/wp\/v2\/product_brand?post=2416"},{"taxonomy":"product_cat","embeddable":true,"href":"https:\/\/handsandthecity.cl\/ha\/wp-json\/wp\/v2\/product_cat?post=2416"},{"taxonomy":"product_tag","embeddable":true,"href":"https:\/\/handsandthecity.cl\/ha\/wp-json\/wp\/v2\/product_tag?post=2416"}],"curies":[{"name":"wp","href":"https:\/\/api.w.org\/{rel}","templated":true}]}}