{"id":2424,"date":"2021-06-18T13:13:32","date_gmt":"2021-06-18T17:13:32","guid":{"rendered":"https:\/\/handsandthecity.cl\/ha\/?post_type=product&#038;p=2424"},"modified":"2024-06-04T13:07:55","modified_gmt":"2024-06-04T17:07:55","slug":"olaplex-paso-no8","status":"publish","type":"product","link":"https:\/\/handsandthecity.cl\/ha\/producto\/olaplex-paso-no8\/","title":{"rendered":"Olaplex paso n\u00ba8"},"content":{"rendered":"<p>Datos: Hidrata, Suaviza, Agrega Brillo y Cuerpo en 10 minutos. Altamente Concentrado, Menos es M\u00e1s. TIP: Para la reparaci\u00f3n mas profunda posible en casa \u00faselo con el Tratamiento Capilar Intensive Bond Building No.0 + Hair Perfector No.3 una vez por semana o seg\u00fan sea necesario.<\/p>\n<p>MODO DE USO: Aplicar sobre el cabello limpio y h\u00famedo desde la medias hasta las puntas. Utilizar con moderaci\u00f3n en las ra\u00edces. Trabaja con los dedos. Dejar actuar durante 10 minutos. Enjuague completamente y peine como de costumbre.Comience con 1 bomba para el cabello hasta los hombros. Use m\u00e1s para cabello m\u00e1s largo y grueso. Menos para cabello fino o corto.<\/p>\n","protected":false},"excerpt":{"rendered":"<p>OLAPLEX N\u00ba8 es una m\u00e1scara que hidrata, suaviza, da brillo y cuerpo. Infundida con la tecnolog\u00eda patentada OLAPLEX, esta mascarilla reparadora 4 en 1 altamente concentrada agrega brillo y cuerpo a la vez que proporciona una hidrataci\u00f3n intensa para tratar el cabello da\u00f1ado.Elaborado sin sulfatos, ftalatos, parabenos ni gluten. Vegano. Seguro para el color.<\/p>\n","protected":false},"featured_media":2425,"comment_status":"open","ping_status":"closed","template":"","meta":{"_et_pb_use_builder":"","_et_pb_old_content":"","_et_gb_content_width":""},"product_brand":[],"product_cat":[30],"product_tag":[],"class_list":{"0":"post-2424","1":"product","2":"type-product","3":"status-publish","4":"has-post-thumbnail","6":"product_cat-olaplex","8":"first","9":"instock","10":"shipping-taxable","11":"purchasable","12":"product-type-simple"},"_links":{"self":[{"href":"https:\/\/handsandthecity.cl\/ha\/wp-json\/wp\/v2\/product\/2424","targetHints":{"allow":["GET"]}}],"collection":[{"href":"https:\/\/handsandthecity.cl\/ha\/wp-json\/wp\/v2\/product"}],"about":[{"href":"https:\/\/handsandthecity.cl\/ha\/wp-json\/wp\/v2\/types\/product"}],"replies":[{"embeddable":true,"href":"https:\/\/handsandthecity.cl\/ha\/wp-json\/wp\/v2\/comments?post=2424"}],"wp:featuredmedia":[{"embeddable":true,"href":"https:\/\/handsandthecity.cl\/ha\/wp-json\/wp\/v2\/media\/2425"}],"wp:attachment":[{"href":"https:\/\/handsandthecity.cl\/ha\/wp-json\/wp\/v2\/media?parent=2424"}],"wp:term":[{"taxonomy":"product_brand","embeddable":true,"href":"https:\/\/handsandthecity.cl\/ha\/wp-json\/wp\/v2\/product_brand?post=2424"},{"taxonomy":"product_cat","embeddable":true,"href":"https:\/\/handsandthecity.cl\/ha\/wp-json\/wp\/v2\/product_cat?post=2424"},{"taxonomy":"product_tag","embeddable":true,"href":"https:\/\/handsandthecity.cl\/ha\/wp-json\/wp\/v2\/product_tag?post=2424"}],"curies":[{"name":"wp","href":"https:\/\/api.w.org\/{rel}","templated":true}]}}