{"id":2429,"date":"2021-06-18T16:47:45","date_gmt":"2021-06-18T20:47:45","guid":{"rendered":"https:\/\/handsandthecity.cl\/ha\/?post_type=product&#038;p=2429"},"modified":"2021-06-18T16:47:45","modified_gmt":"2021-06-18T20:47:45","slug":"mondsub-%c2%b7-mascarilla-de-manos-con-aceite-de-argan","status":"publish","type":"product","link":"https:\/\/handsandthecity.cl\/ha\/producto\/mondsub-%c2%b7-mascarilla-de-manos-con-aceite-de-argan\/","title":{"rendered":"mondsub \u00b7 Mascarilla de manos con aceite de argan"},"content":{"rendered":"","protected":false},"excerpt":{"rendered":"<p>Este producto enriquecido con aceite de arg\u00e1n, proporciona mucha humedad y nutrici\u00f3n a la piel, hidrata y nutre profundamente la piel de las manos, ayuda a calmar y suavizar los secos, \u00e1speros y agrietadas manos, hace que la piel sea tan tierna como la de un beb\u00e9.<\/p>\n","protected":false},"featured_media":2430,"comment_status":"open","ping_status":"closed","template":"","meta":{"_et_pb_use_builder":"","_et_pb_old_content":"","_et_gb_content_width":""},"product_brand":[],"product_cat":[37],"product_tag":[],"class_list":{"0":"post-2429","1":"product","2":"type-product","3":"status-publish","4":"has-post-thumbnail","6":"product_cat-manicure-en-casa","8":"first","9":"instock","10":"shipping-taxable","11":"purchasable","12":"product-type-simple"},"_links":{"self":[{"href":"https:\/\/handsandthecity.cl\/ha\/wp-json\/wp\/v2\/product\/2429","targetHints":{"allow":["GET"]}}],"collection":[{"href":"https:\/\/handsandthecity.cl\/ha\/wp-json\/wp\/v2\/product"}],"about":[{"href":"https:\/\/handsandthecity.cl\/ha\/wp-json\/wp\/v2\/types\/product"}],"replies":[{"embeddable":true,"href":"https:\/\/handsandthecity.cl\/ha\/wp-json\/wp\/v2\/comments?post=2429"}],"wp:featuredmedia":[{"embeddable":true,"href":"https:\/\/handsandthecity.cl\/ha\/wp-json\/wp\/v2\/media\/2430"}],"wp:attachment":[{"href":"https:\/\/handsandthecity.cl\/ha\/wp-json\/wp\/v2\/media?parent=2429"}],"wp:term":[{"taxonomy":"product_brand","embeddable":true,"href":"https:\/\/handsandthecity.cl\/ha\/wp-json\/wp\/v2\/product_brand?post=2429"},{"taxonomy":"product_cat","embeddable":true,"href":"https:\/\/handsandthecity.cl\/ha\/wp-json\/wp\/v2\/product_cat?post=2429"},{"taxonomy":"product_tag","embeddable":true,"href":"https:\/\/handsandthecity.cl\/ha\/wp-json\/wp\/v2\/product_tag?post=2429"}],"curies":[{"name":"wp","href":"https:\/\/api.w.org\/{rel}","templated":true}]}}