{"id":2431,"date":"2021-06-18T16:53:43","date_gmt":"2021-06-18T20:53:43","guid":{"rendered":"https:\/\/handsandthecity.cl\/ha\/?post_type=product&#038;p=2431"},"modified":"2021-06-18T16:53:43","modified_gmt":"2021-06-18T20:53:43","slug":"mondsub-%c2%b7-macarilla-de-pies-con-miel-y-almendras","status":"publish","type":"product","link":"https:\/\/handsandthecity.cl\/ha\/producto\/mondsub-%c2%b7-macarilla-de-pies-con-miel-y-almendras\/","title":{"rendered":"mondsub \u00b7 Macarilla de pies con miel y almendras"},"content":{"rendered":"","protected":false},"excerpt":{"rendered":"<p>\u221a hidratante con miel y almendras -Miel es un s\u00faper alimento para la piel, que es capaz de absorber y retener la humedad, lo que ayuda a que el tacto de la piel hidratada y fresca. \u221a Suaviza &amp; Moisturizing- La Miel y Almendra Nutriente M\u00e1scara del pie es perfecto para hacer su mirada suave piel y joven otra vez. Ayuda a mantener la piel hidratada, hidratada y fresca. \u221aEasy Para Uso -S\u00f3lo sigue los sencillos pasos para aplicar la m\u00e1scara del pie, tambi\u00e9n se puede pasear por la casa, tareas dom\u00e9sticas, libro de lectura, ver la televisi\u00f3n, todo est\u00e1 bien. \u221a de un tama\u00f1o m\u00e1s con alta calidad -No se preocupe por el tama\u00f1o. Nuestra m\u00e1scara del pie de alta calidad es adecuado para casi todas las personas. Est\u00e1 perfectamente cubierto su pie y hidratar \u221a suave del pie para la familia y amigos -Do comparten el mejor tratamiento del pie con su familia y amigos. Para hacer disfrutar del pie suave y sedosa. Seguro de usar en los hombres y las mujeres.<\/p>\n","protected":false},"featured_media":2432,"comment_status":"open","ping_status":"closed","template":"","meta":{"_et_pb_use_builder":"","_et_pb_old_content":"","_et_gb_content_width":""},"product_brand":[],"product_cat":[37],"product_tag":[],"class_list":{"0":"post-2431","1":"product","2":"type-product","3":"status-publish","4":"has-post-thumbnail","6":"product_cat-manicure-en-casa","8":"first","9":"instock","10":"shipping-taxable","11":"purchasable","12":"product-type-simple"},"_links":{"self":[{"href":"https:\/\/handsandthecity.cl\/ha\/wp-json\/wp\/v2\/product\/2431","targetHints":{"allow":["GET"]}}],"collection":[{"href":"https:\/\/handsandthecity.cl\/ha\/wp-json\/wp\/v2\/product"}],"about":[{"href":"https:\/\/handsandthecity.cl\/ha\/wp-json\/wp\/v2\/types\/product"}],"replies":[{"embeddable":true,"href":"https:\/\/handsandthecity.cl\/ha\/wp-json\/wp\/v2\/comments?post=2431"}],"wp:featuredmedia":[{"embeddable":true,"href":"https:\/\/handsandthecity.cl\/ha\/wp-json\/wp\/v2\/media\/2432"}],"wp:attachment":[{"href":"https:\/\/handsandthecity.cl\/ha\/wp-json\/wp\/v2\/media?parent=2431"}],"wp:term":[{"taxonomy":"product_brand","embeddable":true,"href":"https:\/\/handsandthecity.cl\/ha\/wp-json\/wp\/v2\/product_brand?post=2431"},{"taxonomy":"product_cat","embeddable":true,"href":"https:\/\/handsandthecity.cl\/ha\/wp-json\/wp\/v2\/product_cat?post=2431"},{"taxonomy":"product_tag","embeddable":true,"href":"https:\/\/handsandthecity.cl\/ha\/wp-json\/wp\/v2\/product_tag?post=2431"}],"curies":[{"name":"wp","href":"https:\/\/api.w.org\/{rel}","templated":true}]}}