{"id":2436,"date":"2021-06-18T18:19:54","date_gmt":"2021-06-18T22:19:54","guid":{"rendered":"https:\/\/handsandthecity.cl\/ha\/?post_type=product&#038;p=2436"},"modified":"2023-07-28T15:12:57","modified_gmt":"2023-07-28T19:12:57","slug":"wokali-%c2%b7-serum-facial-de-granada-negra","status":"publish","type":"product","link":"https:\/\/handsandthecity.cl\/ha\/producto\/wokali-%c2%b7-serum-facial-de-granada-negra\/","title":{"rendered":"WOKALI \u00b7 Serum facial de granada negra"},"content":{"rendered":"","protected":false},"excerpt":{"rendered":"<p>Una emulsi\u00f3n hidratante y reafirmante ligera enriquecida con extracto de granada negra y \u00e1cido hialur\u00f3nico para hidratar la piel tersa para una tez suave y flexible. La granada act\u00faa uni\u00e9ndose a la humedad. Extrae la humedad del medio ambiente y forma una barrera protectora hidratante en la piel.<\/p>\n","protected":false},"featured_media":2437,"comment_status":"open","ping_status":"closed","template":"","meta":{"_et_pb_use_builder":"","_et_pb_old_content":"","_et_gb_content_width":""},"product_brand":[],"product_cat":[47],"product_tag":[],"class_list":{"0":"post-2436","1":"product","2":"type-product","3":"status-publish","4":"has-post-thumbnail","6":"product_cat-rostro-y-cuidados-de-la-piel","8":"first","9":"instock","10":"shipping-taxable","11":"purchasable","12":"product-type-simple"},"_links":{"self":[{"href":"https:\/\/handsandthecity.cl\/ha\/wp-json\/wp\/v2\/product\/2436","targetHints":{"allow":["GET"]}}],"collection":[{"href":"https:\/\/handsandthecity.cl\/ha\/wp-json\/wp\/v2\/product"}],"about":[{"href":"https:\/\/handsandthecity.cl\/ha\/wp-json\/wp\/v2\/types\/product"}],"replies":[{"embeddable":true,"href":"https:\/\/handsandthecity.cl\/ha\/wp-json\/wp\/v2\/comments?post=2436"}],"wp:featuredmedia":[{"embeddable":true,"href":"https:\/\/handsandthecity.cl\/ha\/wp-json\/wp\/v2\/media\/2437"}],"wp:attachment":[{"href":"https:\/\/handsandthecity.cl\/ha\/wp-json\/wp\/v2\/media?parent=2436"}],"wp:term":[{"taxonomy":"product_brand","embeddable":true,"href":"https:\/\/handsandthecity.cl\/ha\/wp-json\/wp\/v2\/product_brand?post=2436"},{"taxonomy":"product_cat","embeddable":true,"href":"https:\/\/handsandthecity.cl\/ha\/wp-json\/wp\/v2\/product_cat?post=2436"},{"taxonomy":"product_tag","embeddable":true,"href":"https:\/\/handsandthecity.cl\/ha\/wp-json\/wp\/v2\/product_tag?post=2436"}],"curies":[{"name":"wp","href":"https:\/\/api.w.org\/{rel}","templated":true}]}}