{"id":2521,"date":"2022-04-26T20:14:06","date_gmt":"2022-04-27T00:14:06","guid":{"rendered":"https:\/\/handsandthecity.cl\/ha\/?post_type=product&#038;p=2521"},"modified":"2023-07-29T14:41:54","modified_gmt":"2023-07-29T18:41:54","slug":"loreal-professionnel-absolut-repair-mascarilla-250-ml","status":"publish","type":"product","link":"https:\/\/handsandthecity.cl\/ha\/producto\/loreal-professionnel-absolut-repair-mascarilla-250-ml\/","title":{"rendered":"L&#8217;Or\u00e9al Professionnel Absolut Repair Mascarilla 250 ML"},"content":{"rendered":"","protected":false},"excerpt":{"rendered":"<p>Mascarilla de L&#8217;Or\u00e9al Professionnel Absolut Repair act\u00faa para que el cabello seco y sensibilizado recupere fuerza, suavidad y brillo.<\/p>\n<p>La mascarilla Absolut Repair S\u00e9rie Expert de L&#8217;Or\u00e9al Professionnel es adecuada para cabello seco y sensibilizado. Formulado con aceite de Quinoa, ingrediente rico en prote\u00ednas, este tratamiento profesional fortalece la fibra capilar desde el interior. M\u00e1s que un simple tratamiento fortalecedor, tambi\u00e9n ofrece brillo, suavidad y vitalidad al cabello. Su composici\u00f3n muy ligera no comprometer\u00e1 el volumen.<\/p>\n<ul>\n<li>adecuado para cabellos secos y sensibilizados<\/li>\n<li>prote\u00edna de quinua<\/li>\n<li>fortalece la fibra capilar<\/li>\n<li>aporta brillo y suavidad<\/li>\n<\/ul>\n","protected":false},"featured_media":2768,"comment_status":"open","ping_status":"closed","template":"","meta":{"_et_pb_use_builder":"","_et_pb_old_content":"","_et_gb_content_width":""},"product_brand":[],"product_cat":[45],"product_tag":[],"class_list":{"0":"post-2521","1":"product","2":"type-product","3":"status-publish","4":"has-post-thumbnail","6":"product_cat-loreal","8":"first","9":"instock","10":"shipping-taxable","11":"purchasable","12":"product-type-simple"},"_links":{"self":[{"href":"https:\/\/handsandthecity.cl\/ha\/wp-json\/wp\/v2\/product\/2521","targetHints":{"allow":["GET"]}}],"collection":[{"href":"https:\/\/handsandthecity.cl\/ha\/wp-json\/wp\/v2\/product"}],"about":[{"href":"https:\/\/handsandthecity.cl\/ha\/wp-json\/wp\/v2\/types\/product"}],"replies":[{"embeddable":true,"href":"https:\/\/handsandthecity.cl\/ha\/wp-json\/wp\/v2\/comments?post=2521"}],"wp:featuredmedia":[{"embeddable":true,"href":"https:\/\/handsandthecity.cl\/ha\/wp-json\/wp\/v2\/media\/2768"}],"wp:attachment":[{"href":"https:\/\/handsandthecity.cl\/ha\/wp-json\/wp\/v2\/media?parent=2521"}],"wp:term":[{"taxonomy":"product_brand","embeddable":true,"href":"https:\/\/handsandthecity.cl\/ha\/wp-json\/wp\/v2\/product_brand?post=2521"},{"taxonomy":"product_cat","embeddable":true,"href":"https:\/\/handsandthecity.cl\/ha\/wp-json\/wp\/v2\/product_cat?post=2521"},{"taxonomy":"product_tag","embeddable":true,"href":"https:\/\/handsandthecity.cl\/ha\/wp-json\/wp\/v2\/product_tag?post=2521"}],"curies":[{"name":"wp","href":"https:\/\/api.w.org\/{rel}","templated":true}]}}