{"id":2528,"date":"2022-04-26T20:20:58","date_gmt":"2022-04-27T00:20:58","guid":{"rendered":"https:\/\/handsandthecity.cl\/ha\/?post_type=product&#038;p=2528"},"modified":"2023-04-13T16:12:53","modified_gmt":"2023-04-13T20:12:53","slug":"acondicionador-absolut-repair-serie-expert-loreal-200-ml","status":"publish","type":"product","link":"https:\/\/handsandthecity.cl\/ha\/producto\/acondicionador-absolut-repair-serie-expert-loreal-200-ml\/","title":{"rendered":"Acondicionador Absolut Repair Serie Expert Loreal 200 ML"},"content":{"rendered":"<p>Acondicionador profesional reestructurante Instant\u00e1neo. Para cabello seco y da\u00f1ado. Enriquecido con extracto de quinoa dorada y prote\u00edna de trigo. Combina una reestructuraci\u00f3n intensa con una sensaci\u00f3n de ligereza. El cabello queda instant\u00e1neamente reestructurado y transformado con una mayor resistencia, suavidad y brillo.<\/p>\n","protected":false},"excerpt":{"rendered":"<p><img loading=\"lazy\" decoding=\"async\" class=\"alignnone size-full wp-image-2532\" src=\"https:\/\/handsandthecity.cl\/ha\/wp-content\/uploads\/2022\/04\/images-2-1.jpg\" alt=\"\" width=\"254\" height=\"199\" \/><\/p>\n","protected":false},"featured_media":2765,"comment_status":"open","ping_status":"closed","template":"","meta":{"_et_pb_use_builder":"","_et_pb_old_content":"","_et_gb_content_width":""},"product_brand":[],"product_cat":[45],"product_tag":[],"class_list":{"0":"post-2528","1":"product","2":"type-product","3":"status-publish","4":"has-post-thumbnail","6":"product_cat-loreal","8":"first","9":"instock","10":"shipping-taxable","11":"purchasable","12":"product-type-simple"},"_links":{"self":[{"href":"https:\/\/handsandthecity.cl\/ha\/wp-json\/wp\/v2\/product\/2528","targetHints":{"allow":["GET"]}}],"collection":[{"href":"https:\/\/handsandthecity.cl\/ha\/wp-json\/wp\/v2\/product"}],"about":[{"href":"https:\/\/handsandthecity.cl\/ha\/wp-json\/wp\/v2\/types\/product"}],"replies":[{"embeddable":true,"href":"https:\/\/handsandthecity.cl\/ha\/wp-json\/wp\/v2\/comments?post=2528"}],"wp:featuredmedia":[{"embeddable":true,"href":"https:\/\/handsandthecity.cl\/ha\/wp-json\/wp\/v2\/media\/2765"}],"wp:attachment":[{"href":"https:\/\/handsandthecity.cl\/ha\/wp-json\/wp\/v2\/media?parent=2528"}],"wp:term":[{"taxonomy":"product_brand","embeddable":true,"href":"https:\/\/handsandthecity.cl\/ha\/wp-json\/wp\/v2\/product_brand?post=2528"},{"taxonomy":"product_cat","embeddable":true,"href":"https:\/\/handsandthecity.cl\/ha\/wp-json\/wp\/v2\/product_cat?post=2528"},{"taxonomy":"product_tag","embeddable":true,"href":"https:\/\/handsandthecity.cl\/ha\/wp-json\/wp\/v2\/product_tag?post=2528"}],"curies":[{"name":"wp","href":"https:\/\/api.w.org\/{rel}","templated":true}]}}