{"id":2546,"date":"2022-04-26T23:03:21","date_gmt":"2022-04-27T03:03:21","guid":{"rendered":"https:\/\/handsandthecity.cl\/ha\/?post_type=product&#038;p=2546"},"modified":"2023-04-13T16:18:12","modified_gmt":"2023-04-13T20:18:12","slug":"acondicionador-cuidado-del-color-vitamino-color-serie-expert-200ml","status":"publish","type":"product","link":"https:\/\/handsandthecity.cl\/ha\/producto\/acondicionador-cuidado-del-color-vitamino-color-serie-expert-200ml\/","title":{"rendered":"Acondicionador Cuidado del Color Vitamino Color Serie Expert 200ml"},"content":{"rendered":"<p>Su f\u00f3rmula enriquecida con resveratrol, un potente antioxidante para un cabello con color perfecto de sal\u00f3n. Nutre el cabello con color y hace que el color dure hasta 8 semanas. El cabello con color es 6 veces m\u00e1s brillante* y luce m\u00e1s radiante. El cabello se siente m\u00e1s ligero, manejable y suave<\/p>\n","protected":false},"excerpt":{"rendered":"<p><img loading=\"lazy\" decoding=\"async\" class=\"alignnone size-full wp-image-2553\" src=\"https:\/\/handsandthecity.cl\/ha\/wp-content\/uploads\/2022\/04\/images-3.jpg\" alt=\"\" width=\"225\" height=\"225\" srcset=\"https:\/\/handsandthecity.cl\/ha\/wp-content\/uploads\/2022\/04\/images-3.jpg 225w, https:\/\/handsandthecity.cl\/ha\/wp-content\/uploads\/2022\/04\/images-3-100x100.jpg 100w, https:\/\/handsandthecity.cl\/ha\/wp-content\/uploads\/2022\/04\/images-3-150x150.jpg 150w\" sizes=\"auto, (max-width: 225px) 100vw, 225px\" \/><\/p>\n","protected":false},"featured_media":2766,"comment_status":"open","ping_status":"closed","template":"","meta":{"_et_pb_use_builder":"","_et_pb_old_content":"","_et_gb_content_width":""},"product_brand":[],"product_cat":[45],"product_tag":[],"class_list":{"0":"post-2546","1":"product","2":"type-product","3":"status-publish","4":"has-post-thumbnail","6":"product_cat-loreal","8":"first","9":"instock","10":"shipping-taxable","11":"purchasable","12":"product-type-simple"},"_links":{"self":[{"href":"https:\/\/handsandthecity.cl\/ha\/wp-json\/wp\/v2\/product\/2546","targetHints":{"allow":["GET"]}}],"collection":[{"href":"https:\/\/handsandthecity.cl\/ha\/wp-json\/wp\/v2\/product"}],"about":[{"href":"https:\/\/handsandthecity.cl\/ha\/wp-json\/wp\/v2\/types\/product"}],"replies":[{"embeddable":true,"href":"https:\/\/handsandthecity.cl\/ha\/wp-json\/wp\/v2\/comments?post=2546"}],"wp:featuredmedia":[{"embeddable":true,"href":"https:\/\/handsandthecity.cl\/ha\/wp-json\/wp\/v2\/media\/2766"}],"wp:attachment":[{"href":"https:\/\/handsandthecity.cl\/ha\/wp-json\/wp\/v2\/media?parent=2546"}],"wp:term":[{"taxonomy":"product_brand","embeddable":true,"href":"https:\/\/handsandthecity.cl\/ha\/wp-json\/wp\/v2\/product_brand?post=2546"},{"taxonomy":"product_cat","embeddable":true,"href":"https:\/\/handsandthecity.cl\/ha\/wp-json\/wp\/v2\/product_cat?post=2546"},{"taxonomy":"product_tag","embeddable":true,"href":"https:\/\/handsandthecity.cl\/ha\/wp-json\/wp\/v2\/product_tag?post=2546"}],"curies":[{"name":"wp","href":"https:\/\/api.w.org\/{rel}","templated":true}]}}