{"id":2622,"date":"2022-04-30T15:24:50","date_gmt":"2022-04-30T19:24:50","guid":{"rendered":"https:\/\/handsandthecity.cl\/ha\/?post_type=product&#038;p=2622"},"modified":"2023-04-13T16:45:51","modified_gmt":"2023-04-13T20:45:51","slug":"mascara-loreal-professionnel-potenciadora-de-largo-pro-longer-serie-expert-250-ml","status":"publish","type":"product","link":"https:\/\/handsandthecity.cl\/ha\/producto\/mascara-loreal-professionnel-potenciadora-de-largo-pro-longer-serie-expert-250-ml\/","title":{"rendered":"M\u00e1scara L&#8217;Or\u00e9al Professionnel Potenciadora de Largo Pro Longer Serie Expert 250 ml"},"content":{"rendered":"<p>M\u00e1scara capilar profesional, ideal para fortalecer y potenciar el largo del cabello. Contiene 250 ml<\/p>\n","protected":false},"excerpt":{"rendered":"<p><img loading=\"lazy\" decoding=\"async\" class=\"alignnone size-full wp-image-2602\" src=\"https:\/\/handsandthecity.cl\/ha\/wp-content\/uploads\/2022\/04\/images-12.jpg\" alt=\"\" width=\"225\" height=\"225\" srcset=\"https:\/\/handsandthecity.cl\/ha\/wp-content\/uploads\/2022\/04\/images-12.jpg 225w, https:\/\/handsandthecity.cl\/ha\/wp-content\/uploads\/2022\/04\/images-12-100x100.jpg 100w, https:\/\/handsandthecity.cl\/ha\/wp-content\/uploads\/2022\/04\/images-12-150x150.jpg 150w\" sizes=\"auto, (max-width: 225px) 100vw, 225px\" \/><\/p>\n","protected":false},"featured_media":2773,"comment_status":"open","ping_status":"closed","template":"","meta":{"_et_pb_use_builder":"","_et_pb_old_content":"","_et_gb_content_width":""},"product_brand":[],"product_cat":[45],"product_tag":[],"class_list":{"0":"post-2622","1":"product","2":"type-product","3":"status-publish","4":"has-post-thumbnail","6":"product_cat-loreal","8":"first","9":"instock","10":"shipping-taxable","11":"purchasable","12":"product-type-simple"},"_links":{"self":[{"href":"https:\/\/handsandthecity.cl\/ha\/wp-json\/wp\/v2\/product\/2622","targetHints":{"allow":["GET"]}}],"collection":[{"href":"https:\/\/handsandthecity.cl\/ha\/wp-json\/wp\/v2\/product"}],"about":[{"href":"https:\/\/handsandthecity.cl\/ha\/wp-json\/wp\/v2\/types\/product"}],"replies":[{"embeddable":true,"href":"https:\/\/handsandthecity.cl\/ha\/wp-json\/wp\/v2\/comments?post=2622"}],"wp:featuredmedia":[{"embeddable":true,"href":"https:\/\/handsandthecity.cl\/ha\/wp-json\/wp\/v2\/media\/2773"}],"wp:attachment":[{"href":"https:\/\/handsandthecity.cl\/ha\/wp-json\/wp\/v2\/media?parent=2622"}],"wp:term":[{"taxonomy":"product_brand","embeddable":true,"href":"https:\/\/handsandthecity.cl\/ha\/wp-json\/wp\/v2\/product_brand?post=2622"},{"taxonomy":"product_cat","embeddable":true,"href":"https:\/\/handsandthecity.cl\/ha\/wp-json\/wp\/v2\/product_cat?post=2622"},{"taxonomy":"product_tag","embeddable":true,"href":"https:\/\/handsandthecity.cl\/ha\/wp-json\/wp\/v2\/product_tag?post=2622"}],"curies":[{"name":"wp","href":"https:\/\/api.w.org\/{rel}","templated":true}]}}