{"id":2647,"date":"2022-08-17T11:26:58","date_gmt":"2022-08-17T15:26:58","guid":{"rendered":"https:\/\/handsandthecity.cl\/ha\/?post_type=product&#038;p=2647"},"modified":"2022-08-17T11:27:30","modified_gmt":"2022-08-17T15:27:30","slug":"instant-structure-repair-kosswell","status":"publish","type":"product","link":"https:\/\/handsandthecity.cl\/ha\/producto\/instant-structure-repair-kosswell\/","title":{"rendered":"Instant Structure Repair Kosswell"},"content":{"rendered":"","protected":false},"excerpt":{"rendered":"<p><strong>INSTANT STRUCTURE REPAIR Instant Treatment<\/strong> nutre profundamente el cabello y evita el frizz, gracias a su f\u00f3rmula nutriactiva y al aceite de Arg\u00e1n.<\/p>\n<p>Instant Treatment mejora la estructura de la fibra capilar desde la primera aplicaci\u00f3n. El cabello queda m\u00e1s nutrido, m\u00e1s brillante, m\u00e1s el\u00e1stico y sin frizz. Protege de los rayos UV.<\/p>\n<p><strong>Modo de empleo:<\/strong> Despu\u00e9s de lavar y secar con una toalla, repartir una peque\u00f1a cantidad, del tama\u00f1o de una avellana, por todo el cabello mediante un suave masaje, prestar especial atenci\u00f3n a largos y puntas. Proceder al peinado sin enjuague.<\/p>\n","protected":false},"featured_media":2648,"comment_status":"open","ping_status":"closed","template":"","meta":{"_et_pb_use_builder":"","_et_pb_old_content":"","_et_gb_content_width":""},"product_brand":[],"product_cat":[57,56],"product_tag":[],"class_list":{"0":"post-2647","1":"product","2":"type-product","3":"status-publish","4":"has-post-thumbnail","6":"product_cat-krosswell","7":"product_cat-kroswell","9":"first","10":"instock","11":"shipping-taxable","12":"purchasable","13":"product-type-simple"},"_links":{"self":[{"href":"https:\/\/handsandthecity.cl\/ha\/wp-json\/wp\/v2\/product\/2647","targetHints":{"allow":["GET"]}}],"collection":[{"href":"https:\/\/handsandthecity.cl\/ha\/wp-json\/wp\/v2\/product"}],"about":[{"href":"https:\/\/handsandthecity.cl\/ha\/wp-json\/wp\/v2\/types\/product"}],"replies":[{"embeddable":true,"href":"https:\/\/handsandthecity.cl\/ha\/wp-json\/wp\/v2\/comments?post=2647"}],"wp:featuredmedia":[{"embeddable":true,"href":"https:\/\/handsandthecity.cl\/ha\/wp-json\/wp\/v2\/media\/2648"}],"wp:attachment":[{"href":"https:\/\/handsandthecity.cl\/ha\/wp-json\/wp\/v2\/media?parent=2647"}],"wp:term":[{"taxonomy":"product_brand","embeddable":true,"href":"https:\/\/handsandthecity.cl\/ha\/wp-json\/wp\/v2\/product_brand?post=2647"},{"taxonomy":"product_cat","embeddable":true,"href":"https:\/\/handsandthecity.cl\/ha\/wp-json\/wp\/v2\/product_cat?post=2647"},{"taxonomy":"product_tag","embeddable":true,"href":"https:\/\/handsandthecity.cl\/ha\/wp-json\/wp\/v2\/product_tag?post=2647"}],"curies":[{"name":"wp","href":"https:\/\/api.w.org\/{rel}","templated":true}]}}