{"id":2678,"date":"2022-09-08T14:51:00","date_gmt":"2022-09-08T18:51:00","guid":{"rendered":"https:\/\/handsandthecity.cl\/ha\/?post_type=product&#038;p=2678"},"modified":"2022-09-28T09:15:52","modified_gmt":"2022-09-28T13:15:52","slug":"serum-iluminador-con-color-nyx","status":"publish","type":"product","link":"https:\/\/handsandthecity.cl\/ha\/producto\/serum-iluminador-con-color-nyx\/","title":{"rendered":"SERUM ILUMINADOR CON COLOR NYX"},"content":{"rendered":"","protected":false},"excerpt":{"rendered":"<p>El s\u00e9rum con color Bare With Me de NYX Professional Makeup\u00a0<b>es un h\u00edbrido de cuidado de la piel y maquillaje que crea una tez luminosa<\/b>. Disponible en 5 tonos, su f\u00f3rmula transparente est\u00e1 dise\u00f1ada para todos los tonos de piel. Ayuda a unificar la textura y el tono a la vez que proporciona un brillo de roc\u00edo.<\/p>\n","protected":false},"featured_media":2679,"comment_status":"open","ping_status":"closed","template":"","meta":{"_et_pb_use_builder":"","_et_pb_old_content":"","_et_gb_content_width":""},"product_brand":[],"product_cat":[46],"product_tag":[],"class_list":{"0":"post-2678","1":"product","2":"type-product","3":"status-publish","4":"has-post-thumbnail","6":"product_cat-maquillaje","8":"first","9":"instock","10":"sale","11":"shipping-taxable","12":"purchasable","13":"product-type-simple"},"_links":{"self":[{"href":"https:\/\/handsandthecity.cl\/ha\/wp-json\/wp\/v2\/product\/2678","targetHints":{"allow":["GET"]}}],"collection":[{"href":"https:\/\/handsandthecity.cl\/ha\/wp-json\/wp\/v2\/product"}],"about":[{"href":"https:\/\/handsandthecity.cl\/ha\/wp-json\/wp\/v2\/types\/product"}],"replies":[{"embeddable":true,"href":"https:\/\/handsandthecity.cl\/ha\/wp-json\/wp\/v2\/comments?post=2678"}],"wp:featuredmedia":[{"embeddable":true,"href":"https:\/\/handsandthecity.cl\/ha\/wp-json\/wp\/v2\/media\/2679"}],"wp:attachment":[{"href":"https:\/\/handsandthecity.cl\/ha\/wp-json\/wp\/v2\/media?parent=2678"}],"wp:term":[{"taxonomy":"product_brand","embeddable":true,"href":"https:\/\/handsandthecity.cl\/ha\/wp-json\/wp\/v2\/product_brand?post=2678"},{"taxonomy":"product_cat","embeddable":true,"href":"https:\/\/handsandthecity.cl\/ha\/wp-json\/wp\/v2\/product_cat?post=2678"},{"taxonomy":"product_tag","embeddable":true,"href":"https:\/\/handsandthecity.cl\/ha\/wp-json\/wp\/v2\/product_tag?post=2678"}],"curies":[{"name":"wp","href":"https:\/\/api.w.org\/{rel}","templated":true}]}}