{"id":2688,"date":"2022-09-27T15:18:10","date_gmt":"2022-09-27T19:18:10","guid":{"rendered":"https:\/\/handsandthecity.cl\/ha\/?post_type=product&#038;p=2688"},"modified":"2023-05-11T17:01:53","modified_gmt":"2023-05-11T21:01:53","slug":"gel-de-acido-hialuronico-puro-evakerr","status":"publish","type":"product","link":"https:\/\/handsandthecity.cl\/ha\/producto\/gel-de-acido-hialuronico-puro-evakerr\/","title":{"rendered":"GEL DE ACIDO HIALURONICO PURO EVAKERR"},"content":{"rendered":"","protected":false},"excerpt":{"rendered":"<p>ambia la piel de tu rostro en un instante con el nuevo Filler Efecto Tensor de Laboratori Evakerr.<\/p>\n<p>La lucha contra el envejecimiento cut\u00e1neo tiene ahora un nuevo y poderoso aliado. Gracias a la alta concentraci\u00f3n de \u00e1cido hialur\u00f3nico ultra puro, Instant Filler Lift asegura un efecto de relleno, que act\u00faa en surcos y un efecto de lifting que forma una pel\u00edcula tensora en la superficie de la epidermis.<\/p>\n<p>Dada su f\u00f3rmula exclusiva, puede ser utilizado solo para estirar las arrugas din\u00e1micas del contorno de ojos y de la frente en pieles j\u00f3venes, y en combinaci\u00f3n con\u00a0Intense Hydration Serum\u00a0o a Anti-Aging Face Cream para un tratamiento intensivo sobre las arrugas m\u00e1s profundas de las pieles maduras.<\/p>\n","protected":false},"featured_media":2689,"comment_status":"open","ping_status":"closed","template":"","meta":{"_et_pb_use_builder":"","_et_pb_old_content":"","_et_gb_content_width":""},"product_brand":[],"product_cat":[58],"product_tag":[],"class_list":{"0":"post-2688","1":"product","2":"type-product","3":"status-publish","4":"has-post-thumbnail","6":"product_cat-evakerr","8":"first","9":"outofstock","10":"shipping-taxable","11":"purchasable","12":"product-type-simple"},"_links":{"self":[{"href":"https:\/\/handsandthecity.cl\/ha\/wp-json\/wp\/v2\/product\/2688","targetHints":{"allow":["GET"]}}],"collection":[{"href":"https:\/\/handsandthecity.cl\/ha\/wp-json\/wp\/v2\/product"}],"about":[{"href":"https:\/\/handsandthecity.cl\/ha\/wp-json\/wp\/v2\/types\/product"}],"replies":[{"embeddable":true,"href":"https:\/\/handsandthecity.cl\/ha\/wp-json\/wp\/v2\/comments?post=2688"}],"wp:featuredmedia":[{"embeddable":true,"href":"https:\/\/handsandthecity.cl\/ha\/wp-json\/wp\/v2\/media\/2689"}],"wp:attachment":[{"href":"https:\/\/handsandthecity.cl\/ha\/wp-json\/wp\/v2\/media?parent=2688"}],"wp:term":[{"taxonomy":"product_brand","embeddable":true,"href":"https:\/\/handsandthecity.cl\/ha\/wp-json\/wp\/v2\/product_brand?post=2688"},{"taxonomy":"product_cat","embeddable":true,"href":"https:\/\/handsandthecity.cl\/ha\/wp-json\/wp\/v2\/product_cat?post=2688"},{"taxonomy":"product_tag","embeddable":true,"href":"https:\/\/handsandthecity.cl\/ha\/wp-json\/wp\/v2\/product_tag?post=2688"}],"curies":[{"name":"wp","href":"https:\/\/api.w.org\/{rel}","templated":true}]}}