{"id":2789,"date":"2023-06-29T17:57:18","date_gmt":"2023-06-29T21:57:18","guid":{"rendered":"https:\/\/handsandthecity.cl\/ha\/?post_type=product&#038;p=2789"},"modified":"2026-01-08T11:11:50","modified_gmt":"2026-01-08T15:11:50","slug":"brazilian-hair-seduction-botox","status":"publish","type":"product","link":"https:\/\/handsandthecity.cl\/ha\/producto\/brazilian-hair-seduction-botox\/","title":{"rendered":"Brazilian Hair Seduction Botox"},"content":{"rendered":"","protected":false},"excerpt":{"rendered":"<p><em><strong>Brazilian Hair Seduction<\/strong>\u00a0<\/em><\/p>\n<p>Para qu\u00e9 sirve el\u00a0<b>Botox Capilar<\/b>\u00a0BHS ? Su funci\u00f3n intensiva hidrata, alisa, aplaca el frizz (cabello encrespado) y repara PUNTAS dando como resultado un cabello m\u00e1s sedoso. Al estar cargado de prote\u00ednas y vitaminas, las melenas se vuelven m\u00e1s fuertes y menos quebradizas<\/p>\n","protected":false},"featured_media":2790,"comment_status":"open","ping_status":"closed","template":"","meta":{"_et_pb_use_builder":"","_et_pb_old_content":"","_et_gb_content_width":""},"product_brand":[],"product_cat":[68],"product_tag":[],"class_list":{"0":"post-2789","1":"product","2":"type-product","3":"status-publish","4":"has-post-thumbnail","6":"product_cat-bhs","8":"first","9":"outofstock","10":"shipping-taxable","11":"purchasable","12":"product-type-simple"},"_links":{"self":[{"href":"https:\/\/handsandthecity.cl\/ha\/wp-json\/wp\/v2\/product\/2789","targetHints":{"allow":["GET"]}}],"collection":[{"href":"https:\/\/handsandthecity.cl\/ha\/wp-json\/wp\/v2\/product"}],"about":[{"href":"https:\/\/handsandthecity.cl\/ha\/wp-json\/wp\/v2\/types\/product"}],"replies":[{"embeddable":true,"href":"https:\/\/handsandthecity.cl\/ha\/wp-json\/wp\/v2\/comments?post=2789"}],"wp:featuredmedia":[{"embeddable":true,"href":"https:\/\/handsandthecity.cl\/ha\/wp-json\/wp\/v2\/media\/2790"}],"wp:attachment":[{"href":"https:\/\/handsandthecity.cl\/ha\/wp-json\/wp\/v2\/media?parent=2789"}],"wp:term":[{"taxonomy":"product_brand","embeddable":true,"href":"https:\/\/handsandthecity.cl\/ha\/wp-json\/wp\/v2\/product_brand?post=2789"},{"taxonomy":"product_cat","embeddable":true,"href":"https:\/\/handsandthecity.cl\/ha\/wp-json\/wp\/v2\/product_cat?post=2789"},{"taxonomy":"product_tag","embeddable":true,"href":"https:\/\/handsandthecity.cl\/ha\/wp-json\/wp\/v2\/product_tag?post=2789"}],"curies":[{"name":"wp","href":"https:\/\/api.w.org\/{rel}","templated":true}]}}