{"id":2798,"date":"2023-06-04T00:02:30","date_gmt":"2023-06-04T04:02:30","guid":{"rendered":"https:\/\/handsandthecity.cl\/ha\/?post_type=product&#038;p=2798"},"modified":"2024-06-17T15:59:46","modified_gmt":"2024-06-17T19:59:46","slug":"k18-hair-leave-in-mascarilla-molecular-reparadora-15-ml","status":"publish","type":"product","link":"https:\/\/handsandthecity.cl\/ha\/producto\/k18-hair-leave-in-mascarilla-molecular-reparadora-15-ml\/","title":{"rendered":"K18 hair leave-in mascarilla molecular reparadora 15 ml"},"content":{"rendered":"","protected":false},"excerpt":{"rendered":"<p>Es un tratamiento post-servicio que <b>repara los da\u00f1os causados<\/b>\u00a0\u200b\u200bdurante cualquier servicio de sal\u00f3n. Con un nivel de pH de 5.0-6.0, la mascarilla ayuda a cerrar la cut\u00edcula y sellar el p\u00e9ptido, con beneficios acondicionadores livianos adicionales para mantener el cabello suave y terso.<\/p>\n","protected":false},"featured_media":2799,"comment_status":"open","ping_status":"closed","template":"","meta":{"_et_pb_use_builder":"on","_et_pb_old_content":"https:\/\/youtu.be\/yrVM-DaDNzc\r\n\r\nEs un tratamiento post-servicio que <b>repara los da\u00f1os causados<\/b> \u200b\u200bdurante cualquier servicio de sal\u00f3n. Con un nivel de pH de 5.0-6.0, la mascarilla ayuda a cerrar la cut\u00edcula y sellar el p\u00e9ptido, con beneficios acondicionadores livianos adicionales para mantener el cabello suave y terso","_et_gb_content_width":""},"product_brand":[],"product_cat":[59,69],"product_tag":[71],"class_list":{"0":"post-2798","1":"product","2":"type-product","3":"status-publish","4":"has-post-thumbnail","6":"product_cat-cabello","7":"product_cat-k18","8":"product_tag-k18","10":"first","11":"instock","12":"shipping-taxable","13":"purchasable","14":"product-type-simple"},"_links":{"self":[{"href":"https:\/\/handsandthecity.cl\/ha\/wp-json\/wp\/v2\/product\/2798","targetHints":{"allow":["GET"]}}],"collection":[{"href":"https:\/\/handsandthecity.cl\/ha\/wp-json\/wp\/v2\/product"}],"about":[{"href":"https:\/\/handsandthecity.cl\/ha\/wp-json\/wp\/v2\/types\/product"}],"replies":[{"embeddable":true,"href":"https:\/\/handsandthecity.cl\/ha\/wp-json\/wp\/v2\/comments?post=2798"}],"wp:featuredmedia":[{"embeddable":true,"href":"https:\/\/handsandthecity.cl\/ha\/wp-json\/wp\/v2\/media\/2799"}],"wp:attachment":[{"href":"https:\/\/handsandthecity.cl\/ha\/wp-json\/wp\/v2\/media?parent=2798"}],"wp:term":[{"taxonomy":"product_brand","embeddable":true,"href":"https:\/\/handsandthecity.cl\/ha\/wp-json\/wp\/v2\/product_brand?post=2798"},{"taxonomy":"product_cat","embeddable":true,"href":"https:\/\/handsandthecity.cl\/ha\/wp-json\/wp\/v2\/product_cat?post=2798"},{"taxonomy":"product_tag","embeddable":true,"href":"https:\/\/handsandthecity.cl\/ha\/wp-json\/wp\/v2\/product_tag?post=2798"}],"curies":[{"name":"wp","href":"https:\/\/api.w.org\/{rel}","templated":true}]}}