{"id":917,"date":"2020-04-24T16:30:34","date_gmt":"2020-04-24T20:30:34","guid":{"rendered":"https:\/\/handsandthecity.cl\/ha\/?post_type=product&#038;p=917"},"modified":"2020-06-02T19:01:47","modified_gmt":"2020-06-02T23:01:47","slug":"biokera-natura-grasa","status":"publish","type":"product","link":"https:\/\/handsandthecity.cl\/ha\/producto\/biokera-natura-grasa\/","title":{"rendered":"PACK BIOKERA SHAMPOO + MASCARILLA NATURA GRASA"},"content":{"rendered":"<h3><strong>Champu<\/strong><\/h3>\n<p><strong>Ideal para una limpieza delicada del cabello graso<\/strong> gracias a su base tensio activa suave. Conserva el nivel adecuado de grasa natural para mantener la elasticidad del cabello, regulando que no se produzca m\u00e1s cantidad de la necesaria.<\/p>\n<h3><strong>Mascarilla<\/strong><\/h3>\n<p><strong>Mantiene el cabello limpio<\/strong> y sin grasa por m\u00e1s tiempo. Es un producto de doble acci\u00f3n, capaz de retirar el exceso de grasa del cuero cabelludo y a la vez conservar la elasticidad del tallo capilar.<\/p>\n<h3><strong>S\u00e9rum<\/strong><\/h3>\n<p><strong>Ayuda a evitar el exceso de grasa<\/strong> y mantiene el cabello limpio por m\u00e1s tiempo. Sin efecto rebote. Su acci\u00f3n de regulaci\u00f3n de la producci\u00f3n de grasa por parte de la gl\u00e1ndula seb\u00e1cea normaliza el ciclo de hidrataci\u00f3n natural del cuero cabelludo y cabello. Es el tercer paso del tratamiento, y el m\u00e1s importante, ya que es el que contiene m\u00e1s cantidad de principios activos en comparaci\u00f3n con la mascarilla. Tras la aplicaci\u00f3n no se enjuaga, con lo que estos principios activos quedan m\u00e1s tiempo en contacto con la zona a tratar.<\/p>\n","protected":false},"excerpt":{"rendered":"<p>&nbsp;<\/p>\n<p><strong>Contra el exceso de grasa<\/strong> en el cabello, la l\u00ednea espec\u00edfica de Biokera recuperar\u00e1 el equilibrio perdido y har\u00e1 que vuelvas a lucir un cabello sano, gracias a su f\u00f3rmula con extracto de levadura de cerveza y su poder absorbente y regulador.<\/p>\n<p>&nbsp;<\/p>\n","protected":false},"featured_media":1073,"comment_status":"open","ping_status":"closed","template":"","meta":{"_et_pb_use_builder":"","_et_pb_old_content":"","_et_gb_content_width":""},"product_brand":[],"product_cat":[28,44],"product_tag":[],"class_list":{"0":"post-917","1":"product","2":"type-product","3":"status-publish","4":"has-post-thumbnail","6":"product_cat-capilar","7":"product_cat-cyber-week","9":"first","10":"instock","11":"shipping-taxable","12":"purchasable","13":"product-type-simple"},"_links":{"self":[{"href":"https:\/\/handsandthecity.cl\/ha\/wp-json\/wp\/v2\/product\/917","targetHints":{"allow":["GET"]}}],"collection":[{"href":"https:\/\/handsandthecity.cl\/ha\/wp-json\/wp\/v2\/product"}],"about":[{"href":"https:\/\/handsandthecity.cl\/ha\/wp-json\/wp\/v2\/types\/product"}],"replies":[{"embeddable":true,"href":"https:\/\/handsandthecity.cl\/ha\/wp-json\/wp\/v2\/comments?post=917"}],"wp:featuredmedia":[{"embeddable":true,"href":"https:\/\/handsandthecity.cl\/ha\/wp-json\/wp\/v2\/media\/1073"}],"wp:attachment":[{"href":"https:\/\/handsandthecity.cl\/ha\/wp-json\/wp\/v2\/media?parent=917"}],"wp:term":[{"taxonomy":"product_brand","embeddable":true,"href":"https:\/\/handsandthecity.cl\/ha\/wp-json\/wp\/v2\/product_brand?post=917"},{"taxonomy":"product_cat","embeddable":true,"href":"https:\/\/handsandthecity.cl\/ha\/wp-json\/wp\/v2\/product_cat?post=917"},{"taxonomy":"product_tag","embeddable":true,"href":"https:\/\/handsandthecity.cl\/ha\/wp-json\/wp\/v2\/product_tag?post=917"}],"curies":[{"name":"wp","href":"https:\/\/api.w.org\/{rel}","templated":true}]}}