{"id":920,"date":"2020-04-24T16:37:23","date_gmt":"2020-04-24T20:37:23","guid":{"rendered":"https:\/\/handsandthecity.cl\/ha\/?post_type=product&#038;p=920"},"modified":"2020-06-02T19:01:38","modified_gmt":"2020-06-02T23:01:38","slug":"biokera-natura-grapology","status":"publish","type":"product","link":"https:\/\/handsandthecity.cl\/ha\/producto\/biokera-natura-grapology\/","title":{"rendered":"PACK BIOKERA SHAMPOO +MASCARILLA NATURA GRAPOLOGY"},"content":{"rendered":"<p>&nbsp;<\/p>\n<h3><strong>Champu<\/strong><\/h3>\n<p>Limpia el cabello de forma suave a la vez que repara y protege la fibra capilar gracias a los micronutrientes y antioxidantes procedentes del aceite de pepita de uva. Ingredientes destacados: Aceite natural de semilla de la uva espa\u00f1ola y arginina. Sin parabenos.<\/p>\n<h3><strong>Mascarilla<\/strong><\/h3>\n<p><strong>Acondiciona el cabello<\/strong> en profundidad, a la vez que aporta brillo y sedosidad. Nutre en profundidad el cuero cabelludo. Su f\u00f3rmula concentrada hace que sea un producto de gran rentabilidad. Ingredientes destacados: Aceite natural de semilla de la uva espa\u00f1ola y Arginina &#8211; Sin parabenos.<\/p>\n<h3><strong>S\u00e9rum<\/strong><\/h3>\n<p>El aceite a base de pepita de uva que nutre e hidrata en profundidad. Act\u00faa como reparador capilar y protector de queratina. Con filtro solar. Ingredientes destacados: Aceite natural de semilla de uva espa\u00f1ola y Arginina &#8211; Sin parabenos.<\/p>\n","protected":false},"excerpt":{"rendered":"<p><strong>Dise\u00f1ada como tratamiento<\/strong> de depuraci\u00f3n y reparaci\u00f3n de la fibra capilar da\u00f1ada por las agresiones del d\u00eda a d\u00eda, como pueden ser la contaminaci\u00f3n ambiental o el sol. Con el plan d\u00e9tox Grapeology eliminar\u00e1s las toxinas y aportar\u00e1s nutrici\u00f3n, hidrataci\u00f3n y reparaci\u00f3n al cabello, a la vez que previenes su envejecimiento. Formulada con Aceite natural de semilla de la Uva, que aporta \u00e1cido linoleico, prote\u00ednas y amino\u00e1cidos esenciales, dando fuerza y elasticidad al cabello.<\/p>\n","protected":false},"featured_media":1071,"comment_status":"open","ping_status":"closed","template":"","meta":{"_et_pb_use_builder":"","_et_pb_old_content":"","_et_gb_content_width":""},"product_brand":[],"product_cat":[28,44],"product_tag":[],"class_list":{"0":"post-920","1":"product","2":"type-product","3":"status-publish","4":"has-post-thumbnail","6":"product_cat-capilar","7":"product_cat-cyber-week","9":"first","10":"instock","11":"shipping-taxable","12":"purchasable","13":"product-type-simple"},"_links":{"self":[{"href":"https:\/\/handsandthecity.cl\/ha\/wp-json\/wp\/v2\/product\/920","targetHints":{"allow":["GET"]}}],"collection":[{"href":"https:\/\/handsandthecity.cl\/ha\/wp-json\/wp\/v2\/product"}],"about":[{"href":"https:\/\/handsandthecity.cl\/ha\/wp-json\/wp\/v2\/types\/product"}],"replies":[{"embeddable":true,"href":"https:\/\/handsandthecity.cl\/ha\/wp-json\/wp\/v2\/comments?post=920"}],"wp:featuredmedia":[{"embeddable":true,"href":"https:\/\/handsandthecity.cl\/ha\/wp-json\/wp\/v2\/media\/1071"}],"wp:attachment":[{"href":"https:\/\/handsandthecity.cl\/ha\/wp-json\/wp\/v2\/media?parent=920"}],"wp:term":[{"taxonomy":"product_brand","embeddable":true,"href":"https:\/\/handsandthecity.cl\/ha\/wp-json\/wp\/v2\/product_brand?post=920"},{"taxonomy":"product_cat","embeddable":true,"href":"https:\/\/handsandthecity.cl\/ha\/wp-json\/wp\/v2\/product_cat?post=920"},{"taxonomy":"product_tag","embeddable":true,"href":"https:\/\/handsandthecity.cl\/ha\/wp-json\/wp\/v2\/product_tag?post=920"}],"curies":[{"name":"wp","href":"https:\/\/api.w.org\/{rel}","templated":true}]}}