{"id":922,"date":"2020-04-24T16:40:41","date_gmt":"2020-04-24T20:40:41","guid":{"rendered":"https:\/\/handsandthecity.cl\/ha\/?post_type=product&#038;p=922"},"modified":"2021-06-14T12:59:07","modified_gmt":"2021-06-14T16:59:07","slug":"biokera-natura-hidratante","status":"publish","type":"product","link":"https:\/\/handsandthecity.cl\/ha\/producto\/biokera-natura-hidratante\/","title":{"rendered":"BIOKERA PACK SHAMPOO + MASCARILLA  NATURA HIDRATANTE"},"content":{"rendered":"<p>&nbsp;<\/p>\n<h3><strong>Champu<\/strong><\/h3>\n<p><strong>Ideado para cabellos<\/strong> con necesidades de hidrataci\u00f3n, que necesiten recuperar la elasticidad, manejabilidad y brillo a niveles naturales. Ingredientes destacados: Germen de trigo &#8211; Sin parabenos.<\/p>\n<h3><strong>Mascarilla<\/strong><\/h3>\n<p><strong>Recupera los cabellos deshidratados<\/strong> y aumenta el brillo, gracias a sus hidratantes de larga duraci\u00f3n. Nutre la piel del cuero cabelludo, lo que ayuda en la prevenci\u00f3n de otras afecciones capilares. Ingredientes destacados: Germen de trigo.<\/p>\n","protected":false},"excerpt":{"rendered":"<p>&nbsp;<\/p>\n<p><strong>Hidrata, facilita el peinado<\/strong> y evita roturas de cabello. Con la l\u00ednea de hidrataci\u00f3n de Biokera a base de activos hidratantes y germen de trigo el cabello estar\u00e1 m\u00e1s nutrido, el\u00e1stico y brillante.<\/p>\n","protected":false},"featured_media":1069,"comment_status":"open","ping_status":"closed","template":"","meta":{"_et_pb_use_builder":"","_et_pb_old_content":"","_et_gb_content_width":""},"product_brand":[],"product_cat":[28],"product_tag":[],"class_list":{"0":"post-922","1":"product","2":"type-product","3":"status-publish","4":"has-post-thumbnail","6":"product_cat-capilar","8":"first","9":"instock","10":"shipping-taxable","11":"purchasable","12":"product-type-simple"},"_links":{"self":[{"href":"https:\/\/handsandthecity.cl\/ha\/wp-json\/wp\/v2\/product\/922","targetHints":{"allow":["GET"]}}],"collection":[{"href":"https:\/\/handsandthecity.cl\/ha\/wp-json\/wp\/v2\/product"}],"about":[{"href":"https:\/\/handsandthecity.cl\/ha\/wp-json\/wp\/v2\/types\/product"}],"replies":[{"embeddable":true,"href":"https:\/\/handsandthecity.cl\/ha\/wp-json\/wp\/v2\/comments?post=922"}],"wp:featuredmedia":[{"embeddable":true,"href":"https:\/\/handsandthecity.cl\/ha\/wp-json\/wp\/v2\/media\/1069"}],"wp:attachment":[{"href":"https:\/\/handsandthecity.cl\/ha\/wp-json\/wp\/v2\/media?parent=922"}],"wp:term":[{"taxonomy":"product_brand","embeddable":true,"href":"https:\/\/handsandthecity.cl\/ha\/wp-json\/wp\/v2\/product_brand?post=922"},{"taxonomy":"product_cat","embeddable":true,"href":"https:\/\/handsandthecity.cl\/ha\/wp-json\/wp\/v2\/product_cat?post=922"},{"taxonomy":"product_tag","embeddable":true,"href":"https:\/\/handsandthecity.cl\/ha\/wp-json\/wp\/v2\/product_tag?post=922"}],"curies":[{"name":"wp","href":"https:\/\/api.w.org\/{rel}","templated":true}]}}