{"id":995,"date":"2020-04-28T21:38:40","date_gmt":"2020-04-29T01:38:40","guid":{"rendered":"https:\/\/handsandthecity.cl\/ha\/?post_type=product&#038;p=995"},"modified":"2025-05-19T13:47:49","modified_gmt":"2025-05-19T17:47:49","slug":"olaplex-n3-hair-perfector","status":"publish","type":"product","link":"https:\/\/handsandthecity.cl\/ha\/producto\/olaplex-n3-hair-perfector\/","title":{"rendered":"OLAPLEX N\u00b03-Hair Perfector"},"content":{"rendered":"<p>\u00bfTe pasa que tu\u00a0<strong>cabello<\/strong>\u00a0se siente\u00a0<strong>muy debilitado<\/strong>,\u00a0<strong>se corta<\/strong>\u00a0o que\u00a0<strong>se estira como \u201cchicle\u201d<\/strong>? Keep Calm, es normal, esto sucede muchas veces debido a que su estructura interna ha sido da\u00f1ada.\u00a0\u00a0 Las causas de esto suelen ser el sometimiento a procesos qu\u00edmicos y tambi\u00e9n al uso prolongado de herramientas t\u00e9rmicas. Decoloraciones m\u00e1s planchita m\u00e1s brushing progresivo m\u00e1s coloraci\u00f3n m\u00e1s bla bla bla y s\u00ed! \u00a1Tu cabello pide a gritos un poco de cuidado y cari\u00f1o!<\/p>\n<p>Por eso nos encanta presentarte\u00a0<strong>Olaplex N\u00b03 Hair Perfector<\/strong>, \u201c La P\u00f3liza de seguro que tu cabello necesita\u201d. Y cr\u00e9enos esto nos es solo un slogan es real, lo comprobamos en Blond House cada d\u00eda, d\u00f3nde m\u00e1s del 95% de nuestras clientas utilizan el producto, en casa o en servicios.<\/p>\n<p><strong>Olaplex N\u00b03 Hair Perfector<\/strong>, es para\u00a0<strong>todo tipo de cabellos\u00a0<\/strong>y act\u00faa reconstruyendo los enlaces que se rompen en la estructura interna del\u00a0<strong>cabello da\u00f1ado<\/strong>, devolvi\u00e9ndole as\u00ed la fuerza y firmeza que antes ten\u00eda.<\/p>\n<p>&nbsp;<\/p>\n","protected":false},"excerpt":{"rendered":"<h2>Descripci\u00f3n<\/h2>\n<p>\u00bfTe pasa que tu\u00a0<strong>cabello<\/strong>\u00a0se siente\u00a0<strong>muy debilitado<\/strong>,\u00a0<strong>se corta<\/strong>\u00a0o que\u00a0<strong>se estira como \u201cchicle\u201d<\/strong>? Keep Calm, es normal, esto sucede muchas veces debido a que su estructura interna ha sido da\u00f1ada.\u00a0\u00a0 Las causas de esto suelen ser el sometimiento a procesos qu\u00edmicos y tambi\u00e9n al uso prolongado de herramientas t\u00e9rmicas. Decoloraciones m\u00e1s planchita m\u00e1s brushing progresivo m\u00e1s coloraci\u00f3n m\u00e1s bla bla bla y s\u00ed! \u00a1Tu cabello pide a gritos un poco de cuidado y cari\u00f1o!<\/p>\n<div style=\"width: 640px;\" class=\"wp-video\"><video class=\"wp-video-shortcode\" id=\"video-995-1\" width=\"640\" height=\"640\" preload=\"metadata\" controls=\"controls\"><source type=\"video\/mp4\" src=\"https:\/\/handsandthecity.cl\/ha\/wp-content\/uploads\/2020\/04\/cc6bd8ec-1caf-49f4-805f-f5fe5433ca57-1.mp4?_=1\" \/><a href=\"https:\/\/handsandthecity.cl\/ha\/wp-content\/uploads\/2020\/04\/cc6bd8ec-1caf-49f4-805f-f5fe5433ca57-1.mp4\">https:\/\/handsandthecity.cl\/ha\/wp-content\/uploads\/2020\/04\/cc6bd8ec-1caf-49f4-805f-f5fe5433ca57-1.mp4<\/a><\/video><\/div>\n","protected":false},"featured_media":994,"comment_status":"open","ping_status":"closed","template":"","meta":{"_et_pb_use_builder":"","_et_pb_old_content":"","_et_gb_content_width":""},"product_brand":[],"product_cat":[30],"product_tag":[],"class_list":{"0":"post-995","1":"product","2":"type-product","3":"status-publish","4":"has-post-thumbnail","6":"product_cat-olaplex","8":"first","9":"instock","10":"shipping-taxable","11":"purchasable","12":"product-type-simple"},"_links":{"self":[{"href":"https:\/\/handsandthecity.cl\/ha\/wp-json\/wp\/v2\/product\/995","targetHints":{"allow":["GET"]}}],"collection":[{"href":"https:\/\/handsandthecity.cl\/ha\/wp-json\/wp\/v2\/product"}],"about":[{"href":"https:\/\/handsandthecity.cl\/ha\/wp-json\/wp\/v2\/types\/product"}],"replies":[{"embeddable":true,"href":"https:\/\/handsandthecity.cl\/ha\/wp-json\/wp\/v2\/comments?post=995"}],"wp:featuredmedia":[{"embeddable":true,"href":"https:\/\/handsandthecity.cl\/ha\/wp-json\/wp\/v2\/media\/994"}],"wp:attachment":[{"href":"https:\/\/handsandthecity.cl\/ha\/wp-json\/wp\/v2\/media?parent=995"}],"wp:term":[{"taxonomy":"product_brand","embeddable":true,"href":"https:\/\/handsandthecity.cl\/ha\/wp-json\/wp\/v2\/product_brand?post=995"},{"taxonomy":"product_cat","embeddable":true,"href":"https:\/\/handsandthecity.cl\/ha\/wp-json\/wp\/v2\/product_cat?post=995"},{"taxonomy":"product_tag","embeddable":true,"href":"https:\/\/handsandthecity.cl\/ha\/wp-json\/wp\/v2\/product_tag?post=995"}],"curies":[{"name":"wp","href":"https:\/\/api.w.org\/{rel}","templated":true}]}}