{"id":996,"date":"2020-04-28T21:42:20","date_gmt":"2020-04-29T01:42:20","guid":{"rendered":"https:\/\/handsandthecity.cl\/ha\/?post_type=product&#038;p=996"},"modified":"2023-04-05T15:15:02","modified_gmt":"2023-04-05T19:15:02","slug":"olaplex-no6-bond-smoother-crema-de-peinar-antifrizz-de-lujo","status":"publish","type":"product","link":"https:\/\/handsandthecity.cl\/ha\/producto\/olaplex-no6-bond-smoother-crema-de-peinar-antifrizz-de-lujo\/","title":{"rendered":"Olaplex N\u00ba6 Bond Smoother \u2013 Crema de Peinar Antifrizz de Lujo"},"content":{"rendered":"<p>[et_pb_section fb_built=\u00bb1&#8243; _builder_version=\u00bb4.16&#8243; custom_padding=\u00bb0px||||false|false\u00bb global_colors_info=\u00bb{}\u00bb][et_pb_row _builder_version=\u00bb4.16&#8243; background_size=\u00bbinitial\u00bb background_position=\u00bbtop_left\u00bb background_repeat=\u00bbrepeat\u00bb width=\u00bb100%\u00bb custom_padding=\u00bb0px||0px||false|false\u00bb global_colors_info=\u00bb{}\u00bb][et_pb_column type=\u00bb4_4&#8243; _builder_version=\u00bb4.16&#8243; custom_padding=\u00bb|||\u00bb global_colors_info=\u00bb{}\u00bb custom_padding__hover=\u00bb|||\u00bb][et_pb_wc_breadcrumb _builder_version=\u00bb4.16&#8243; global_colors_info=\u00bb{}\u00bb][\/et_pb_wc_breadcrumb][et_pb_wc_cart_notice _builder_version=\u00bb4.16&#8243; global_colors_info=\u00bb{}\u00bb][\/et_pb_wc_cart_notice][\/et_pb_column][\/et_pb_row][et_pb_row _builder_version=\u00bb4.16&#8243; background_size=\u00bbinitial\u00bb background_position=\u00bbtop_left\u00bb background_repeat=\u00bbrepeat\u00bb width=\u00bb100%\u00bb custom_padding=\u00bb0px||||false|false\u00bb global_colors_info=\u00bb{}\u00bb column_structure=\u00bb1_2,1_2&#8243;][et_pb_column type=\u00bb1_2&#8243; _builder_version=\u00bb4.16&#8243; custom_padding=\u00bb|||\u00bb global_colors_info=\u00bb{}\u00bb custom_padding__hover=\u00bb|||\u00bb][et_pb_wc_images _builder_version=\u00bb4.16&#8243; global_colors_info=\u00bb{}\u00bb][\/et_pb_wc_images][\/et_pb_column][et_pb_column type=\u00bb1_2&#8243; _builder_version=\u00bb4.16&#8243; custom_padding=\u00bb|||\u00bb global_colors_info=\u00bb{}\u00bb custom_padding__hover=\u00bb|||\u00bb][et_pb_wc_title _builder_version=\u00bb4.16&#8243; global_colors_info=\u00bb{}\u00bb][\/et_pb_wc_title][et_pb_wc_rating _builder_version=\u00bb4.16&#8243; global_colors_info=\u00bb{}\u00bb][\/et_pb_wc_rating][et_pb_wc_price _builder_version=\u00bb4.16&#8243; global_colors_info=\u00bb{}\u00bb][\/et_pb_wc_price][et_pb_wc_description _builder_version=\u00bb4.16&#8243; global_colors_info=\u00bb{}\u00bb][\/et_pb_wc_description][et_pb_wc_add_to_cart _builder_version=\u00bb4.16&#8243; global_colors_info=\u00bb{}\u00bb][\/et_pb_wc_add_to_cart][et_pb_wc_meta _builder_version=\u00bb4.16&#8243; global_colors_info=\u00bb{}\u00bb][\/et_pb_wc_meta][\/et_pb_column][\/et_pb_row][et_pb_row _builder_version=\u00bb4.16&#8243; background_size=\u00bbinitial\u00bb background_position=\u00bbtop_left\u00bb background_repeat=\u00bbrepeat\u00bb width=\u00bb100%\u00bb global_colors_info=\u00bb{}\u00bb][et_pb_column type=\u00bb4_4&#8243; _builder_version=\u00bb4.16&#8243; custom_padding=\u00bb|||\u00bb global_colors_info=\u00bb{}\u00bb custom_padding__hover=\u00bb|||\u00bb][et_pb_wc_tabs _builder_version=\u00bb4.16&#8243; global_colors_info=\u00bb{}\u00bb]\t\t\t\t\t[\/et_pb_wc_tabs][et_pb_wc_upsells _builder_version=\u00bb4.16&#8243; global_colors_info=\u00bb{}\u00bb][\/et_pb_wc_upsells][et_pb_wc_related_products _builder_version=\u00bb4.16&#8243; global_colors_info=\u00bb{}\u00bb][\/et_pb_wc_related_products][\/et_pb_column][\/et_pb_row][\/et_pb_section][et_pb_section fb_built=\u00bb1&#8243; _builder_version=\u00bb4.16&#8243; global_colors_info=\u00bb{}\u00bb][et_pb_row _builder_version=\u00bb4.16&#8243; background_size=\u00bbinitial\u00bb background_position=\u00bbtop_left\u00bb background_repeat=\u00bbrepeat\u00bb global_colors_info=\u00bb{}\u00bb][et_pb_column type=\u00bb4_4&#8243; _builder_version=\u00bb4.16&#8243; custom_padding=\u00bb|||\u00bb global_colors_info=\u00bb{}\u00bb custom_padding__hover=\u00bb|||\u00bb][et_pb_text _builder_version=\u00bb4.16&#8243; background_size=\u00bbinitial\u00bb background_position=\u00bbtop_left\u00bb background_repeat=\u00bbrepeat\u00bb global_colors_info=\u00bb{}\u00bb]<strong>Ya no sabes c\u00f3mo controlar el frizz y el efecto el\u00e9ctrico en tu cabello<\/strong>?<\/p>\n<p>Keep Calm,\u00a0<strong>Olaplex la Marca L\u00edder<\/strong>\u00a0en reparaci\u00f3n capilar lanz\u00f3 al mercado su producto de\u00a0<strong>Styling Olaplex N\u00ba6 Bond Smoother<\/strong>\u00a0que adem\u00e1s de cumplir con las propiedades de toda la l\u00ednea\u00a0<strong>Olaplex<\/strong>\u00a0en cuanto a reparaci\u00f3n y reconstrucci\u00f3n de enlaces nos proporciona efecto\u00a0<strong>Antifrizz por 72 horas<\/strong>\u00a0sin necesidad de utilizar planchita.<\/p>\n<p>Como todos los productos Olaplex es de formulaci\u00f3n Vegana y est\u00e1 elaborado con productos naturales que aportan mayor Hidrataci\u00f3n, adem\u00e1s de fortalecer y reparara el cabello.<\/p>\n<h2>\u00bfQu\u00e9 es Olaplex N\u00ba6?<\/h2>\n<h2>Es una crema altamente concentrada por lo que te proporciona un gran rendimiento y le brinda a tu cabello una apariencia suave y elegante en todo momento.<\/h2>\n<p>Hidrata, repara, reconstruye y protege el cabello del da\u00f1o<\/p>\n<p>Proporciona un potente efecto Antifrizz con una duraci\u00f3n m\u00e1xima de 72 horas sin necesidad de usar planchita.<\/p>\n<p>Es ideal para todo tipo de Cabellos y en especial para los cabellos te\u00f1idos o qu\u00edmicamente tratados.<\/p>\n<p>\u00a1NO requiere Enjuague! Si si si, lo puedes utilizar como una crema de peinar tanto con el cabello h\u00famedo como seco.<\/p>\n<p>Si tienes rulos es ideal para brindar hidrataci\u00f3n y darles definici\u00f3n a tus rulos naturales.<\/p>\n<p>&nbsp;<br \/>\n[\/et_pb_text][\/et_pb_column][\/et_pb_row][\/et_pb_section]<\/p>\n","protected":false},"excerpt":{"rendered":"<div style=\"width: 640px;\" class=\"wp-video\"><video class=\"wp-video-shortcode\" id=\"video-996-1\" width=\"640\" height=\"800\" preload=\"metadata\" controls=\"controls\"><source type=\"video\/mp4\" src=\"https:\/\/handsandthecity.cl\/ha\/wp-content\/uploads\/2020\/04\/ab15109c-dd2b-403a-a950-57341b7beca0.mp4?_=1\" \/><a href=\"https:\/\/handsandthecity.cl\/ha\/wp-content\/uploads\/2020\/04\/ab15109c-dd2b-403a-a950-57341b7beca0.mp4\">https:\/\/handsandthecity.cl\/ha\/wp-content\/uploads\/2020\/04\/ab15109c-dd2b-403a-a950-57341b7beca0.mp4<\/a><\/video><\/div>\n","protected":false},"featured_media":993,"comment_status":"open","ping_status":"closed","template":"","meta":{"_et_pb_use_builder":"on","_et_pb_old_content":"<strong>Ya no sabes c\u00f3mo controlar el frizz y el efecto el\u00e9ctrico en tu cabello<\/strong>?\r\n\r\nKeep Calm,\u00a0<strong>Olaplex la Marca L\u00edder<\/strong>\u00a0en reparaci\u00f3n capilar lanz\u00f3 al mercado su producto de\u00a0<strong>Styling Olaplex N\u00ba6 Bond Smoother<\/strong>\u00a0que adem\u00e1s de cumplir con las propiedades de toda la l\u00ednea\u00a0<strong>Olaplex<\/strong>\u00a0en cuanto a reparaci\u00f3n y reconstrucci\u00f3n de enlaces nos proporciona efecto\u00a0<strong>Antifrizz por 72 horas<\/strong>\u00a0sin necesidad de utilizar planchita.\r\n\r\nComo todos los productos Olaplex es de formulaci\u00f3n Vegana y est\u00e1 elaborado con productos naturales que aportan mayor Hidrataci\u00f3n, adem\u00e1s de fortalecer y reparara el cabello.\r\n<h2>\u00bfQu\u00e9 es Olaplex N\u00ba6?<\/h2>\r\n<h2>Es una crema altamente concentrada por lo que te proporciona un gran rendimiento y le brinda a tu cabello una apariencia suave y elegante en todo momento.<\/h2>\r\nHidrata, repara, reconstruye y protege el cabello del da\u00f1o\r\n\r\nProporciona un potente efecto Antifrizz con una duraci\u00f3n m\u00e1xima de 72 horas sin necesidad de usar planchita.\r\n\r\nEs ideal para todo tipo de Cabellos y en especial para los cabellos te\u00f1idos o qu\u00edmicamente tratados.\r\n\r\n\u00a1NO requiere Enjuague! Si si si, lo puedes utilizar como una crema de peinar tanto con el cabello h\u00famedo como seco.\r\n\r\nSi tienes rulos es ideal para brindar hidrataci\u00f3n y darles definici\u00f3n a tus rulos naturales.","_et_gb_content_width":""},"product_brand":[],"product_cat":[30],"product_tag":[],"class_list":{"0":"post-996","1":"product","2":"type-product","3":"status-publish","4":"has-post-thumbnail","6":"product_cat-olaplex","8":"first","9":"instock","10":"shipping-taxable","11":"purchasable","12":"product-type-simple"},"_links":{"self":[{"href":"https:\/\/handsandthecity.cl\/ha\/wp-json\/wp\/v2\/product\/996","targetHints":{"allow":["GET"]}}],"collection":[{"href":"https:\/\/handsandthecity.cl\/ha\/wp-json\/wp\/v2\/product"}],"about":[{"href":"https:\/\/handsandthecity.cl\/ha\/wp-json\/wp\/v2\/types\/product"}],"replies":[{"embeddable":true,"href":"https:\/\/handsandthecity.cl\/ha\/wp-json\/wp\/v2\/comments?post=996"}],"wp:featuredmedia":[{"embeddable":true,"href":"https:\/\/handsandthecity.cl\/ha\/wp-json\/wp\/v2\/media\/993"}],"wp:attachment":[{"href":"https:\/\/handsandthecity.cl\/ha\/wp-json\/wp\/v2\/media?parent=996"}],"wp:term":[{"taxonomy":"product_brand","embeddable":true,"href":"https:\/\/handsandthecity.cl\/ha\/wp-json\/wp\/v2\/product_brand?post=996"},{"taxonomy":"product_cat","embeddable":true,"href":"https:\/\/handsandthecity.cl\/ha\/wp-json\/wp\/v2\/product_cat?post=996"},{"taxonomy":"product_tag","embeddable":true,"href":"https:\/\/handsandthecity.cl\/ha\/wp-json\/wp\/v2\/product_tag?post=996"}],"curies":[{"name":"wp","href":"https:\/\/api.w.org\/{rel}","templated":true}]}}