{"id":998,"date":"2020-04-28T21:50:52","date_gmt":"2020-04-29T01:50:52","guid":{"rendered":"https:\/\/handsandthecity.cl\/ha\/?post_type=product&#038;p=998"},"modified":"2023-04-05T15:13:59","modified_gmt":"2023-04-05T19:13:59","slug":"olaplex-n4-bond-maintenance-shampoo","status":"publish","type":"product","link":"https:\/\/handsandthecity.cl\/ha\/producto\/olaplex-n4-bond-maintenance-shampoo\/","title":{"rendered":"OLAPLEX N\u00b04 &#8211; Bond Maintenance Shampoo"},"content":{"rendered":"<h1>OLAPLEX N\u00b04 &#8211; Bond Maintenance Shampoo<\/h1>\n<p>Olaplex la marca que desarroll\u00f3 la tecnolog\u00eda m\u00e1s innovadora de la industria capilar, lanz\u00f3 en 2018 un\u00a0<strong>Sistema Completo de Mantenimiento de Enlaces,\u00a0<\/strong>para uso domiciliario<strong>,<\/strong>\u00a0compuesto por el ya conocido Olaplex N\u00b03 m\u00e1s dos nuevos productos, un Shampoo y un Acondicionador.<\/p>\n<p>Y es aqu\u00ed d\u00f3nde te vamos a presentar al primero de ellos, Olaplex N\u00b04 \u2013 Bond Maintenance Shampoo.<\/p>\n<p>Adem\u00e1s de contener el mismo principio activo presente en todos los productos de la familia Olaplex, <strong>que reconstruye los enlaces rotos,\u00a0<\/strong>este Shampoo tiene muchas cualidades que son interesantes para complementar tu rutina de cuidado capilar y que ayudan enormemente a prolongar los resultados<\/p>\n<h2><\/h2>\n","protected":false},"excerpt":{"rendered":"<div style=\"width: 640px;\" class=\"wp-video\"><video class=\"wp-video-shortcode\" id=\"video-998-1\" width=\"640\" height=\"352\" preload=\"metadata\" controls=\"controls\"><source type=\"video\/mp4\" src=\"https:\/\/handsandthecity.cl\/ha\/wp-content\/uploads\/2020\/04\/c43c1e36-8c54-4c09-9533-893977a6a1af.mp4?_=1\" \/><a href=\"https:\/\/handsandthecity.cl\/ha\/wp-content\/uploads\/2020\/04\/c43c1e36-8c54-4c09-9533-893977a6a1af.mp4\">https:\/\/handsandthecity.cl\/ha\/wp-content\/uploads\/2020\/04\/c43c1e36-8c54-4c09-9533-893977a6a1af.mp4<\/a><\/video><\/div>\n","protected":false},"featured_media":1026,"comment_status":"open","ping_status":"closed","template":"","meta":{"_et_pb_use_builder":"","_et_pb_old_content":"","_et_gb_content_width":""},"product_brand":[],"product_cat":[30],"product_tag":[],"class_list":{"0":"post-998","1":"product","2":"type-product","3":"status-publish","4":"has-post-thumbnail","6":"product_cat-olaplex","8":"first","9":"instock","10":"shipping-taxable","11":"purchasable","12":"product-type-simple"},"_links":{"self":[{"href":"https:\/\/handsandthecity.cl\/ha\/wp-json\/wp\/v2\/product\/998","targetHints":{"allow":["GET"]}}],"collection":[{"href":"https:\/\/handsandthecity.cl\/ha\/wp-json\/wp\/v2\/product"}],"about":[{"href":"https:\/\/handsandthecity.cl\/ha\/wp-json\/wp\/v2\/types\/product"}],"replies":[{"embeddable":true,"href":"https:\/\/handsandthecity.cl\/ha\/wp-json\/wp\/v2\/comments?post=998"}],"wp:featuredmedia":[{"embeddable":true,"href":"https:\/\/handsandthecity.cl\/ha\/wp-json\/wp\/v2\/media\/1026"}],"wp:attachment":[{"href":"https:\/\/handsandthecity.cl\/ha\/wp-json\/wp\/v2\/media?parent=998"}],"wp:term":[{"taxonomy":"product_brand","embeddable":true,"href":"https:\/\/handsandthecity.cl\/ha\/wp-json\/wp\/v2\/product_brand?post=998"},{"taxonomy":"product_cat","embeddable":true,"href":"https:\/\/handsandthecity.cl\/ha\/wp-json\/wp\/v2\/product_cat?post=998"},{"taxonomy":"product_tag","embeddable":true,"href":"https:\/\/handsandthecity.cl\/ha\/wp-json\/wp\/v2\/product_tag?post=998"}],"curies":[{"name":"wp","href":"https:\/\/api.w.org\/{rel}","templated":true}]}}